{"id":3295,"date":"2023-04-13T14:53:08","date_gmt":"2023-04-13T12:53:08","guid":{"rendered":"https:\/\/fondation-os.fr\/os-ouest\/APIV\/?page_id=3295"},"modified":"2023-05-17T16:07:42","modified_gmt":"2023-05-17T14:07:42","slug":"mentions-legales-apiv","status":"publish","type":"page","link":"https:\/\/fondation-os.fr\/os-ouest\/APIV\/mentions-legales-apiv\/","title":{"rendered":"Mentions l\u00e9gales APIV"},"content":{"rendered":"<p>[et_pb_section fb_built=\u00a0\u00bb1&Prime; _builder_version=\u00a0\u00bb4.20.4&Prime; _module_preset=\u00a0\u00bbdefault\u00a0\u00bb background_color=\u00a0\u00bb#fff1ff\u00a0\u00bb top_divider_style=\u00a0\u00bbslant2&Prime; top_divider_color=\u00a0\u00bb#f7a3c6&Prime; top_divider_height=\u00a0\u00bb75px\u00a0\u00bb bottom_divider_style=\u00a0\u00bbramp2&Prime; bottom_divider_color=\u00a0\u00bb#006837&Prime; global_colors_info=\u00a0\u00bb{}\u00a0\u00bb][et_pb_row _builder_version=\u00a0\u00bb4.20.4&Prime; _module_preset=\u00a0\u00bbdefault\u00a0\u00bb global_colors_info=\u00a0\u00bb{}\u00a0\u00bb][et_pb_column type=\u00a0\u00bb4_4&Prime; _builder_version=\u00a0\u00bb4.20.4&Prime; _module_preset=\u00a0\u00bbdefault\u00a0\u00bb global_colors_info=\u00a0\u00bb{}\u00a0\u00bb][et_pb_text _builder_version=\u00a0\u00bb4.21.0&Prime; _module_preset=\u00a0\u00bbdefault\u00a0\u00bb hover_enabled=\u00a0\u00bb0&Prime; global_colors_info=\u00a0\u00bb{}\u00a0\u00bb sticky_enabled=\u00a0\u00bb0&Prime;]<\/p>\n<p><strong>Qui sommes-nous ?<\/strong><\/p>\n<p>&nbsp;<\/p>\n<p>L\u2019association APIV a pour but essentiel d\u2019aider \u00e0 lutter contre la maladie de Parkinson.<\/p>\n<p>Elle propose de recueillir et distribuer des informations, intervenir aupr\u00e8s des pouvoirs, dialoguer avec le corps m\u00e9dical, aider \u00e0 la recherche, et briser l\u2019isolement des malades par la pratique de la solidarit\u00e9.<\/p>\n<p>&nbsp;<\/p>\n<p><strong>Adresse du si\u00e8ge social de l\u2019APIV :<\/strong><\/p>\n<p>Espace Olivier Sabouraud<br \/>7 Rue de Normandie<br \/>35000 RENNES<\/p>\n<p>&nbsp;<\/p>\n<p><strong>Enregistrement de l&rsquo;association :<\/strong><\/p>\n<p>Association de Parkinsoniens d\u2019Ille-et-Vilaine<br \/>Association loi 1901 \u2013 d\u00e9clar\u00e9e \u00e0 la Pr\u00e9fecture sous le num\u00e9ro 9483.<br \/>Journal Officiel du 23\/04\/86 reconnue d\u2019int\u00e9r\u00eat g\u00e9n\u00e9ral<br \/>Autoris\u00e9e \u00e0 b\u00e9n\u00e9ficier des dispositions des articles 200-1-b et 238 bis-1-a du Code G\u00e9n\u00e9ral des Imp\u00f4ts du 30\/03\/2011<br \/>Siret : 510 606 890 000 18<\/p>\n<p>&nbsp;<\/p>\n<p><strong>Directeur de la publication :<\/strong><\/p>\n<p>Yves Boccou, pr\u00e9sident, T\u00e9l. 06 79 34 94 26<\/p>\n<p>&nbsp;<\/p>\n<p><strong>Pour nous contacter par e-mail : <\/strong><\/p>\n<p>contact@parkinson35.fr<\/p>\n<p>&nbsp;<\/p>\n<p><strong>H\u00e9bergement :<\/strong><\/p>\n<p>Notre site : <a href=\"https:\/\/ww.parkinson35.fr\">https:\/\/www.parkinson35.fr<\/a> est h\u00e9berg\u00e9 par la soci\u00e9t\u00e9 :<\/p>\n<p>OVH \/ SAS au capital de 10 174 560 \u20ac<br \/>Si\u00e8ge social : 2 rue Kellermann &#8211; 59100 Roubaix &#8211; France<br \/>OVH SAS est une filiale de la soci\u00e9t\u00e9 OVH Groupe SA, soci\u00e9t\u00e9 immatricul\u00e9e au RCS de Lille sous le num\u00e9ro 537 407 926 sise 2, rue Kellermann, 59100 Roubaix.<\/p>\n<p>&nbsp;<\/p>\n<p><strong> Donn\u00e9es personnelles<\/strong><\/p>\n<p>Vous pouvez visiter notre site sur Internet sans avoir \u00e0 d\u00e9cliner votre identit\u00e9 ni \u00e0 fournir d&rsquo; informations personnelles vous concernant.<\/p>\n<p>En particulier, le site n&rsquo;autorise pas le d\u00e9pot de commentaires.<\/p>\n<p>Toutefois, pour une prise de contact, vous pouvez \u00eatre amen\u00e9 \u00e0 nous transmettre vos coordonn\u00e9es t\u00e9l\u00e9phoniques ou de messagerie, afin que le bureau de l&rsquo;association ou un membre du conseil d&rsquo;administration puisse vous recontacter.<\/p>\n<p>Ces donn\u00e9es ne sont pas stock\u00e9es sur le site, ni communiqu\u00e9es \u00e0 l&rsquo;ext\u00e9rieur de l&rsquo;association.<\/p>\n<p>&nbsp;<\/p>\n<p>[\/et_pb_text][\/et_pb_column][\/et_pb_row][\/et_pb_section]<\/p>\n","protected":false},"excerpt":{"rendered":"<p>Qui sommes-nous ? &nbsp; L\u2019association APIV a pour but essentiel d\u2019aider \u00e0 lutter contre la maladie de Parkinson. Elle propose de recueillir et distribuer des informations, intervenir aupr\u00e8s des pouvoirs, [&hellip;]<\/p>\n","protected":false},"author":4,"featured_media":0,"parent":0,"menu_order":0,"comment_status":"closed","ping_status":"closed","template":"","meta":{"_acf_changed":false,"_et_pb_use_builder":"on","_et_pb_old_content":"","_et_gb_content_width":"","footnotes":""},"class_list":["post-3295","page","type-page","status-publish","hentry"],"acf":[],"yoast_head":"<!-- This site is optimized with the Yoast SEO plugin v27.4 - https:\/\/yoast.com\/product\/yoast-seo-wordpress\/ -->\n<title>Mentions l\u00e9gales APIV - Graine de Courage, Sourire pour Parkinson<\/title>\n<meta name=\"description\" content=\"Mentions l\u00e9gales APIV : Association de parkinsoniens d&#039;Ille et Vilaine. Vous pouvez visiter notre site sur Internet sans avoir \u00e0 d\u00e9cliner votre identit\u00e9 ni \u00e0 fournir d\u2019 informations personnelles vous concernant...\" \/>\n<meta name=\"robots\" content=\"index, follow, max-snippet:-1, max-image-preview:large, max-video-preview:-1\" \/>\n<link rel=\"canonical\" href=\"https:\/\/fondation-os.fr\/os-ouest\/APIV\/mentions-legales-apiv\/\" \/>\n<meta property=\"og:locale\" content=\"fr_FR\" \/>\n<meta property=\"og:type\" content=\"article\" \/>\n<meta property=\"og:title\" content=\"Mentions l\u00e9gales APIV - Graine de Courage, Sourire pour Parkinson\" \/>\n<meta property=\"og:description\" content=\"Mentions l\u00e9gales APIV : Association de parkinsoniens d&#039;Ille et Vilaine. Vous pouvez visiter notre site sur Internet sans avoir \u00e0 d\u00e9cliner votre identit\u00e9 ni \u00e0 fournir d\u2019 informations personnelles vous concernant...\" \/>\n<meta property=\"og:url\" content=\"https:\/\/fondation-os.fr\/os-ouest\/APIV\/mentions-legales-apiv\/\" \/>\n<meta property=\"og:site_name\" content=\"Graine de Courage, Sourire pour Parkinson\" \/>\n<meta property=\"article:modified_time\" content=\"2023-05-17T14:07:42+00:00\" \/>\n<meta name=\"twitter:card\" content=\"summary_large_image\" \/>\n<meta name=\"twitter:label1\" content=\"Dur\u00e9e de lecture estim\u00e9e\" \/>\n\t<meta name=\"twitter:data1\" content=\"2 minutes\" \/>\n<script type=\"application\/ld+json\" class=\"yoast-schema-graph\">{\"@context\":\"https:\\\/\\\/schema.org\",\"@graph\":[{\"@type\":\"WebPage\",\"@id\":\"https:\\\/\\\/fondation-os.fr\\\/os-ouest\\\/APIV\\\/mentions-legales-apiv\\\/\",\"url\":\"https:\\\/\\\/fondation-os.fr\\\/os-ouest\\\/APIV\\\/mentions-legales-apiv\\\/\",\"name\":\"Mentions l\u00e9gales APIV - Graine de Courage, Sourire pour Parkinson\",\"isPartOf\":{\"@id\":\"https:\\\/\\\/fondation-os.fr\\\/os-ouest\\\/APIV\\\/#website\"},\"datePublished\":\"2023-04-13T12:53:08+00:00\",\"dateModified\":\"2023-05-17T14:07:42+00:00\",\"description\":\"Mentions l\u00e9gales APIV : Association de parkinsoniens d'Ille et Vilaine. Vous pouvez visiter notre site sur Internet sans avoir \u00e0 d\u00e9cliner votre identit\u00e9 ni \u00e0 fournir d\u2019 informations personnelles vous concernant...\",\"breadcrumb\":{\"@id\":\"https:\\\/\\\/fondation-os.fr\\\/os-ouest\\\/APIV\\\/mentions-legales-apiv\\\/#breadcrumb\"},\"inLanguage\":\"fr-FR\",\"potentialAction\":[{\"@type\":\"ReadAction\",\"target\":[\"https:\\\/\\\/fondation-os.fr\\\/os-ouest\\\/APIV\\\/mentions-legales-apiv\\\/\"]}]},{\"@type\":\"BreadcrumbList\",\"@id\":\"https:\\\/\\\/fondation-os.fr\\\/os-ouest\\\/APIV\\\/mentions-legales-apiv\\\/#breadcrumb\",\"itemListElement\":[{\"@type\":\"ListItem\",\"position\":1,\"name\":\"Accueil\",\"item\":\"https:\\\/\\\/fondation-os.fr\\\/os-ouest\\\/APIV\\\/\"},{\"@type\":\"ListItem\",\"position\":2,\"name\":\"Mentions l\u00e9gales APIV\"}]},{\"@type\":\"WebSite\",\"@id\":\"https:\\\/\\\/fondation-os.fr\\\/os-ouest\\\/APIV\\\/#website\",\"url\":\"https:\\\/\\\/fondation-os.fr\\\/os-ouest\\\/APIV\\\/\",\"name\":\"Graine de Courage, Sourire pour Parkinson\",\"description\":\"Graine de Courage, Sourire pour Parkinson\",\"publisher\":{\"@id\":\"https:\\\/\\\/fondation-os.fr\\\/os-ouest\\\/APIV\\\/#organization\"},\"potentialAction\":[{\"@type\":\"SearchAction\",\"target\":{\"@type\":\"EntryPoint\",\"urlTemplate\":\"https:\\\/\\\/fondation-os.fr\\\/os-ouest\\\/APIV\\\/?s={search_term_string}\"},\"query-input\":{\"@type\":\"PropertyValueSpecification\",\"valueRequired\":true,\"valueName\":\"search_term_string\"}}],\"inLanguage\":\"fr-FR\"},{\"@type\":\"Organization\",\"@id\":\"https:\\\/\\\/fondation-os.fr\\\/os-ouest\\\/APIV\\\/#organization\",\"name\":\"Graine de Courage, Sourire pour Parkinson\",\"url\":\"https:\\\/\\\/fondation-os.fr\\\/os-ouest\\\/APIV\\\/\",\"logo\":{\"@type\":\"ImageObject\",\"inLanguage\":\"fr-FR\",\"@id\":\"https:\\\/\\\/fondation-os.fr\\\/os-ouest\\\/APIV\\\/#\\\/schema\\\/logo\\\/image\\\/\",\"url\":\"https:\\\/\\\/fondation-os.fr\\\/os-ouest\\\/APIV\\\/wp-content\\\/uploads\\\/2022\\\/11\\\/Logo_APIV_Carre.png\",\"contentUrl\":\"https:\\\/\\\/fondation-os.fr\\\/os-ouest\\\/APIV\\\/wp-content\\\/uploads\\\/2022\\\/11\\\/Logo_APIV_Carre.png\",\"width\":285,\"height\":287,\"caption\":\"Graine de Courage, Sourire pour Parkinson\"},\"image\":{\"@id\":\"https:\\\/\\\/fondation-os.fr\\\/os-ouest\\\/APIV\\\/#\\\/schema\\\/logo\\\/image\\\/\"}}]}<\/script>\n<!-- \/ Yoast SEO plugin. -->","yoast_head_json":{"title":"Mentions l\u00e9gales APIV - Graine de Courage, Sourire pour Parkinson","description":"Mentions l\u00e9gales APIV : Association de parkinsoniens d'Ille et Vilaine. Vous pouvez visiter notre site sur Internet sans avoir \u00e0 d\u00e9cliner votre identit\u00e9 ni \u00e0 fournir d\u2019 informations personnelles vous concernant...","robots":{"index":"index","follow":"follow","max-snippet":"max-snippet:-1","max-image-preview":"max-image-preview:large","max-video-preview":"max-video-preview:-1"},"canonical":"https:\/\/fondation-os.fr\/os-ouest\/APIV\/mentions-legales-apiv\/","og_locale":"fr_FR","og_type":"article","og_title":"Mentions l\u00e9gales APIV - Graine de Courage, Sourire pour Parkinson","og_description":"Mentions l\u00e9gales APIV : Association de parkinsoniens d'Ille et Vilaine. Vous pouvez visiter notre site sur Internet sans avoir \u00e0 d\u00e9cliner votre identit\u00e9 ni \u00e0 fournir d\u2019 informations personnelles vous concernant...","og_url":"https:\/\/fondation-os.fr\/os-ouest\/APIV\/mentions-legales-apiv\/","og_site_name":"Graine de Courage, Sourire pour Parkinson","article_modified_time":"2023-05-17T14:07:42+00:00","twitter_card":"summary_large_image","twitter_misc":{"Dur\u00e9e de lecture estim\u00e9e":"2 minutes"},"schema":{"@context":"https:\/\/schema.org","@graph":[{"@type":"WebPage","@id":"https:\/\/fondation-os.fr\/os-ouest\/APIV\/mentions-legales-apiv\/","url":"https:\/\/fondation-os.fr\/os-ouest\/APIV\/mentions-legales-apiv\/","name":"Mentions l\u00e9gales APIV - Graine de Courage, Sourire pour Parkinson","isPartOf":{"@id":"https:\/\/fondation-os.fr\/os-ouest\/APIV\/#website"},"datePublished":"2023-04-13T12:53:08+00:00","dateModified":"2023-05-17T14:07:42+00:00","description":"Mentions l\u00e9gales APIV : Association de parkinsoniens d'Ille et Vilaine. Vous pouvez visiter notre site sur Internet sans avoir \u00e0 d\u00e9cliner votre identit\u00e9 ni \u00e0 fournir d\u2019 informations personnelles vous concernant...","breadcrumb":{"@id":"https:\/\/fondation-os.fr\/os-ouest\/APIV\/mentions-legales-apiv\/#breadcrumb"},"inLanguage":"fr-FR","potentialAction":[{"@type":"ReadAction","target":["https:\/\/fondation-os.fr\/os-ouest\/APIV\/mentions-legales-apiv\/"]}]},{"@type":"BreadcrumbList","@id":"https:\/\/fondation-os.fr\/os-ouest\/APIV\/mentions-legales-apiv\/#breadcrumb","itemListElement":[{"@type":"ListItem","position":1,"name":"Accueil","item":"https:\/\/fondation-os.fr\/os-ouest\/APIV\/"},{"@type":"ListItem","position":2,"name":"Mentions l\u00e9gales APIV"}]},{"@type":"WebSite","@id":"https:\/\/fondation-os.fr\/os-ouest\/APIV\/#website","url":"https:\/\/fondation-os.fr\/os-ouest\/APIV\/","name":"Graine de Courage, Sourire pour Parkinson","description":"Graine de Courage, Sourire pour Parkinson","publisher":{"@id":"https:\/\/fondation-os.fr\/os-ouest\/APIV\/#organization"},"potentialAction":[{"@type":"SearchAction","target":{"@type":"EntryPoint","urlTemplate":"https:\/\/fondation-os.fr\/os-ouest\/APIV\/?s={search_term_string}"},"query-input":{"@type":"PropertyValueSpecification","valueRequired":true,"valueName":"search_term_string"}}],"inLanguage":"fr-FR"},{"@type":"Organization","@id":"https:\/\/fondation-os.fr\/os-ouest\/APIV\/#organization","name":"Graine de Courage, Sourire pour Parkinson","url":"https:\/\/fondation-os.fr\/os-ouest\/APIV\/","logo":{"@type":"ImageObject","inLanguage":"fr-FR","@id":"https:\/\/fondation-os.fr\/os-ouest\/APIV\/#\/schema\/logo\/image\/","url":"https:\/\/fondation-os.fr\/os-ouest\/APIV\/wp-content\/uploads\/2022\/11\/Logo_APIV_Carre.png","contentUrl":"https:\/\/fondation-os.fr\/os-ouest\/APIV\/wp-content\/uploads\/2022\/11\/Logo_APIV_Carre.png","width":285,"height":287,"caption":"Graine de Courage, Sourire pour Parkinson"},"image":{"@id":"https:\/\/fondation-os.fr\/os-ouest\/APIV\/#\/schema\/logo\/image\/"}}]}},"_links":{"self":[{"href":"https:\/\/fondation-os.fr\/os-ouest\/APIV\/wp-json\/wp\/v2\/pages\/3295","targetHints":{"allow":["GET"]}}],"collection":[{"href":"https:\/\/fondation-os.fr\/os-ouest\/APIV\/wp-json\/wp\/v2\/pages"}],"about":[{"href":"https:\/\/fondation-os.fr\/os-ouest\/APIV\/wp-json\/wp\/v2\/types\/page"}],"author":[{"embeddable":true,"href":"https:\/\/fondation-os.fr\/os-ouest\/APIV\/wp-json\/wp\/v2\/users\/4"}],"replies":[{"embeddable":true,"href":"https:\/\/fondation-os.fr\/os-ouest\/APIV\/wp-json\/wp\/v2\/comments?post=3295"}],"version-history":[{"count":7,"href":"https:\/\/fondation-os.fr\/os-ouest\/APIV\/wp-json\/wp\/v2\/pages\/3295\/revisions"}],"predecessor-version":[{"id":4023,"href":"https:\/\/fondation-os.fr\/os-ouest\/APIV\/wp-json\/wp\/v2\/pages\/3295\/revisions\/4023"}],"wp:attachment":[{"href":"https:\/\/fondation-os.fr\/os-ouest\/APIV\/wp-json\/wp\/v2\/media?parent=3295"}],"curies":[{"name":"wp","href":"https:\/\/api.w.org\/{rel}","templated":true}]}}