{"id":274,"date":"2022-11-02T10:45:16","date_gmt":"2022-11-02T09:45:16","guid":{"rendered":"https:\/\/fondation-os.fr\/os-ouest\/APIV\/?page_id=274"},"modified":"2024-12-27T15:27:56","modified_gmt":"2024-12-27T14:27:56","slug":"les-echos-du-park","status":"publish","type":"page","link":"https:\/\/fondation-os.fr\/os-ouest\/APIV\/medias\/les-echos-du-park\/","title":{"rendered":"Les \u00c9chos du Park"},"content":{"rendered":"<p>[et_pb_section fb_built=\u00a0\u00bb1&Prime; _builder_version=\u00a0\u00bb4.27.4&Prime; _module_preset=\u00a0\u00bbdefault\u00a0\u00bb background_color=\u00a0\u00bb#9BB8D3&Prime; top_divider_style=\u00a0\u00bbslant2&Prime; top_divider_color=\u00a0\u00bb#35455B\u00a0\u00bb top_divider_height=\u00a0\u00bb75px\u00a0\u00bb bottom_divider_style=\u00a0\u00bbramp2&Prime; bottom_divider_color=\u00a0\u00bb#35455B\u00a0\u00bb hover_enabled=\u00a0\u00bb0&Prime; global_colors_info=\u00a0\u00bb{}\u00a0\u00bb sticky_enabled=\u00a0\u00bb0&Prime;][et_pb_row column_structure=\u00a0\u00bb3_5,2_5&Prime; _builder_version=\u00a0\u00bb4.27.4&Prime; _module_preset=\u00a0\u00bbdefault\u00a0\u00bb background_color=\u00a0\u00bb#FFFFFF\u00a0\u00bb hover_enabled=\u00a0\u00bb0&Prime; border_radii=\u00a0\u00bbon|10px|10px|10px|10px\u00a0\u00bb border_width_all=\u00a0\u00bb4px\u00a0\u00bb border_color_all=\u00a0\u00bb#35455B\u00a0\u00bb global_colors_info=\u00a0\u00bb{}\u00a0\u00bb sticky_enabled=\u00a0\u00bb0&Prime;][et_pb_column type=\u00a0\u00bb3_5&Prime; _builder_version=\u00a0\u00bb4.18.1&Prime; _module_preset=\u00a0\u00bbdefault\u00a0\u00bb global_colors_info=\u00a0\u00bb{}\u00a0\u00bb][et_pb_text _builder_version=\u00a0\u00bb4.27.4&Prime; _module_preset=\u00a0\u00bbdefault\u00a0\u00bb text_font=\u00a0\u00bb|600|||||||\u00a0\u00bb header_font=\u00a0\u00bb|600|||||||\u00a0\u00bb header_text_color=\u00a0\u00bb#35455B\u00a0\u00bb custom_padding=\u00a0\u00bb|||20px|false|false\u00a0\u00bb hover_enabled=\u00a0\u00bb0&Prime; global_colors_info=\u00a0\u00bb{}\u00a0\u00bb sticky_enabled=\u00a0\u00bb0&Prime;]<\/p>\n<h1>Les \u00c9chos du Park<\/h1>\n<h1><\/h1>\n<p>&nbsp;<\/p>\n<p>\u00ab Les \u00c9chos du Park \u00bb est un bulletin de liaison trimestriel qui rassemble diff\u00e9rents articles sur la vie de notre association.<br \/>\nIl parle des conf\u00e9rences , des points rencontre et autres \u00e9v\u00e9nements et manifestations o\u00f9 l\u2019APIV est pr\u00e9sente.<\/p>\n<p>Ce bulletin est paru une premi\u00e8re fois en 2007 puis fut mis en sommeil pendant quelques ann\u00e9es avant de para\u00eetre \u00e0 nouveau en juin 2018 par l\u2019interm\u00e9diaire d\u2019Isabelle MARCILLE et Bernard PETTIER.<\/p>\n<p>Cette feuille de liaison est un \u00e9l\u00e9ment de communication indispensable pour les adh\u00e9rents et la p\u00e9riode de COVID l\u2019a d\u00e9montr\u00e9 plus que jamais.<\/p>\n<p>&nbsp;<\/p>\n<p>&nbsp;<\/p>\n<p><strong>Vous pourrez consulter ci-dessous tous les num\u00e9ros des \u00c9chos du Park, \u00e0 partir du N\u00b037 (Octobre\/Novembre 2018).<\/strong><\/p>\n<p>&nbsp;<\/p>\n<p><span style=\"color: #35455b;\"><em>Fondateurs de la publication : Marie-Claude Salou, G\u00e9rard Heuz\u00e9<br \/>\n<\/em><\/span><span style=\"color: #35455b;\"><em><\/em><\/span><span style=\"color: #35455b;\"><em>Responsable : Yves Boccou<\/em><\/span><br \/>\n<span style=\"color: #35455b;\"><em>Concepteurs : Isabelle Marcille, Bernard Pettier<\/em><\/span>[\/et_pb_text][\/et_pb_column][et_pb_column type=\u00a0\u00bb2_5&Prime; _builder_version=\u00a0\u00bb4.18.1&Prime; _module_preset=\u00a0\u00bbdefault\u00a0\u00bb global_colors_info=\u00a0\u00bb{}\u00a0\u00bb][et_pb_image src=\u00a0\u00bbhttps:\/\/fondation-os.fr\/os-ouest\/APIV\/wp-content\/uploads\/2023\/04\/Rubrique-les-Echos-du-Park2-821&#215;1080.png\u00a0\u00bb title_text=\u00a0\u00bbRubrique les Echos du Park2&Prime; _builder_version=\u00a0\u00bb4.20.4&Prime; _module_preset=\u00a0\u00bbdefault\u00a0\u00bb custom_padding=\u00a0\u00bb|15px|||false|false\u00a0\u00bb global_colors_info=\u00a0\u00bb{}\u00a0\u00bb][\/et_pb_image][\/et_pb_column][\/et_pb_row][et_pb_row _builder_version=\u00a0\u00bb4.18.1&Prime; _module_preset=\u00a0\u00bbdefault\u00a0\u00bb global_colors_info=\u00a0\u00bb{}\u00a0\u00bb][et_pb_column type=\u00a0\u00bb4_4&Prime; _builder_version=\u00a0\u00bb4.18.1&Prime; _module_preset=\u00a0\u00bbdefault\u00a0\u00bb global_colors_info=\u00a0\u00bb{}\u00a0\u00bb][et_pb_blog fullwidth=\u00a0\u00bboff\u00a0\u00bb posts_number=\u00a0\u00bb6&Prime; include_categories=\u00a0\u00bb9&Prime; meta_date=\u00a0\u00bbj M Y\u00a0\u00bb show_author=\u00a0\u00bboff\u00a0\u00bb show_date=\u00a0\u00bboff\u00a0\u00bb show_categories=\u00a0\u00bboff\u00a0\u00bb module_id=\u00a0\u00bbblog_edp\u00a0\u00bb _builder_version=\u00a0\u00bb4.27.4&Prime; _module_preset=\u00a0\u00bbdefault\u00a0\u00bb header_font=\u00a0\u00bb|600|on||||||\u00a0\u00bb header_text_color=\u00a0\u00bb#35455B\u00a0\u00bb header_font_size=\u00a0\u00bb20px\u00a0\u00bb pagination_font=\u00a0\u00bb|600|||||||\u00a0\u00bb pagination_text_color=\u00a0\u00bb#FFFFFF\u00a0\u00bb hover_enabled=\u00a0\u00bb0&Prime; border_radii=\u00a0\u00bbon|10px|10px|10px|10px\u00a0\u00bb border_width_all=\u00a0\u00bb0px\u00a0\u00bb border_color_all=\u00a0\u00bb#EF568E\u00a0\u00bb box_shadow_style=\u00a0\u00bbpreset1&Prime; global_colors_info=\u00a0\u00bb{}\u00a0\u00bb pagination_text_color__hover_enabled=\u00a0\u00bbon|desktop\u00a0\u00bb pagination_text_color__hover=\u00a0\u00bb#FFFFFF\u00a0\u00bb sticky_enabled=\u00a0\u00bb0&Prime;][\/et_pb_blog][\/et_pb_column][\/et_pb_row][\/et_pb_section]<\/p>\n","protected":false},"excerpt":{"rendered":"<p>Les \u00c9chos du Park &nbsp; \u00ab Les \u00c9chos du Park \u00bb est un bulletin de liaison trimestriel qui rassemble diff\u00e9rents articles sur la vie de notre association. Il parle des [&hellip;]<\/p>\n","protected":false},"author":1,"featured_media":0,"parent":2979,"menu_order":0,"comment_status":"closed","ping_status":"closed","template":"","meta":{"_acf_changed":false,"_et_pb_use_builder":"on","_et_pb_old_content":"","_et_gb_content_width":"","footnotes":""},"class_list":["post-274","page","type-page","status-publish","hentry"],"acf":[],"yoast_head":"<!-- This site is optimized with the Yoast SEO plugin v27.4 - https:\/\/yoast.com\/product\/yoast-seo-wordpress\/ -->\n<title>Les \u00c9chos du Park - Graine de Courage, Sourire pour Parkinson<\/title>\n<meta name=\"description\" content=\"\u00ab Les Echos du Park \u00bb est un bulletin de liaison trimestriel qui rassemble diff\u00e9rents articles sur la vie de l&#039;association APIV : Association de parkinsoniens d&#039;Ille et Vilaine.\" \/>\n<meta name=\"robots\" content=\"index, follow, max-snippet:-1, max-image-preview:large, max-video-preview:-1\" \/>\n<link rel=\"canonical\" href=\"https:\/\/fondation-os.fr\/os-ouest\/APIV\/medias\/les-echos-du-park\/\" \/>\n<meta property=\"og:locale\" content=\"fr_FR\" \/>\n<meta property=\"og:type\" content=\"article\" \/>\n<meta property=\"og:title\" content=\"Les \u00c9chos du Park - Graine de Courage, Sourire pour Parkinson\" \/>\n<meta property=\"og:description\" content=\"\u00ab Les Echos du Park \u00bb est un bulletin de liaison trimestriel qui rassemble diff\u00e9rents articles sur la vie de l&#039;association APIV : Association de parkinsoniens d&#039;Ille et Vilaine.\" \/>\n<meta property=\"og:url\" content=\"https:\/\/fondation-os.fr\/os-ouest\/APIV\/medias\/les-echos-du-park\/\" \/>\n<meta property=\"og:site_name\" content=\"Graine de Courage, Sourire pour Parkinson\" \/>\n<meta property=\"article:modified_time\" content=\"2024-12-27T14:27:56+00:00\" \/>\n<meta name=\"twitter:card\" content=\"summary_large_image\" \/>\n<meta name=\"twitter:label1\" content=\"Dur\u00e9e de lecture estim\u00e9e\" \/>\n\t<meta name=\"twitter:data1\" content=\"2 minutes\" \/>\n<script type=\"application\/ld+json\" class=\"yoast-schema-graph\">{\"@context\":\"https:\\\/\\\/schema.org\",\"@graph\":[{\"@type\":\"WebPage\",\"@id\":\"https:\\\/\\\/fondation-os.fr\\\/os-ouest\\\/APIV\\\/medias\\\/les-echos-du-park\\\/\",\"url\":\"https:\\\/\\\/fondation-os.fr\\\/os-ouest\\\/APIV\\\/medias\\\/les-echos-du-park\\\/\",\"name\":\"Les \u00c9chos du Park - Graine de Courage, Sourire pour Parkinson\",\"isPartOf\":{\"@id\":\"https:\\\/\\\/fondation-os.fr\\\/os-ouest\\\/APIV\\\/#website\"},\"datePublished\":\"2022-11-02T09:45:16+00:00\",\"dateModified\":\"2024-12-27T14:27:56+00:00\",\"description\":\"\u00ab Les Echos du Park \u00bb est un bulletin de liaison trimestriel qui rassemble diff\u00e9rents articles sur la vie de l'association APIV : Association de parkinsoniens d'Ille et Vilaine.\",\"breadcrumb\":{\"@id\":\"https:\\\/\\\/fondation-os.fr\\\/os-ouest\\\/APIV\\\/medias\\\/les-echos-du-park\\\/#breadcrumb\"},\"inLanguage\":\"fr-FR\",\"potentialAction\":[{\"@type\":\"ReadAction\",\"target\":[\"https:\\\/\\\/fondation-os.fr\\\/os-ouest\\\/APIV\\\/medias\\\/les-echos-du-park\\\/\"]}]},{\"@type\":\"BreadcrumbList\",\"@id\":\"https:\\\/\\\/fondation-os.fr\\\/os-ouest\\\/APIV\\\/medias\\\/les-echos-du-park\\\/#breadcrumb\",\"itemListElement\":[{\"@type\":\"ListItem\",\"position\":1,\"name\":\"Accueil\",\"item\":\"https:\\\/\\\/fondation-os.fr\\\/os-ouest\\\/APIV\\\/\"},{\"@type\":\"ListItem\",\"position\":2,\"name\":\"M\u00e9dias\",\"item\":\"https:\\\/\\\/fondation-os.fr\\\/os-ouest\\\/APIV\\\/medias\\\/\"},{\"@type\":\"ListItem\",\"position\":3,\"name\":\"Les \u00c9chos du Park\"}]},{\"@type\":\"WebSite\",\"@id\":\"https:\\\/\\\/fondation-os.fr\\\/os-ouest\\\/APIV\\\/#website\",\"url\":\"https:\\\/\\\/fondation-os.fr\\\/os-ouest\\\/APIV\\\/\",\"name\":\"Graine de Courage, Sourire pour Parkinson\",\"description\":\"Graine de Courage, Sourire pour Parkinson\",\"publisher\":{\"@id\":\"https:\\\/\\\/fondation-os.fr\\\/os-ouest\\\/APIV\\\/#organization\"},\"potentialAction\":[{\"@type\":\"SearchAction\",\"target\":{\"@type\":\"EntryPoint\",\"urlTemplate\":\"https:\\\/\\\/fondation-os.fr\\\/os-ouest\\\/APIV\\\/?s={search_term_string}\"},\"query-input\":{\"@type\":\"PropertyValueSpecification\",\"valueRequired\":true,\"valueName\":\"search_term_string\"}}],\"inLanguage\":\"fr-FR\"},{\"@type\":\"Organization\",\"@id\":\"https:\\\/\\\/fondation-os.fr\\\/os-ouest\\\/APIV\\\/#organization\",\"name\":\"Graine de Courage, Sourire pour Parkinson\",\"url\":\"https:\\\/\\\/fondation-os.fr\\\/os-ouest\\\/APIV\\\/\",\"logo\":{\"@type\":\"ImageObject\",\"inLanguage\":\"fr-FR\",\"@id\":\"https:\\\/\\\/fondation-os.fr\\\/os-ouest\\\/APIV\\\/#\\\/schema\\\/logo\\\/image\\\/\",\"url\":\"https:\\\/\\\/fondation-os.fr\\\/os-ouest\\\/APIV\\\/wp-content\\\/uploads\\\/2022\\\/11\\\/Logo_APIV_Carre.png\",\"contentUrl\":\"https:\\\/\\\/fondation-os.fr\\\/os-ouest\\\/APIV\\\/wp-content\\\/uploads\\\/2022\\\/11\\\/Logo_APIV_Carre.png\",\"width\":285,\"height\":287,\"caption\":\"Graine de Courage, Sourire pour Parkinson\"},\"image\":{\"@id\":\"https:\\\/\\\/fondation-os.fr\\\/os-ouest\\\/APIV\\\/#\\\/schema\\\/logo\\\/image\\\/\"}}]}<\/script>\n<!-- \/ Yoast SEO plugin. -->","yoast_head_json":{"title":"Les \u00c9chos du Park - Graine de Courage, Sourire pour Parkinson","description":"\u00ab Les Echos du Park \u00bb est un bulletin de liaison trimestriel qui rassemble diff\u00e9rents articles sur la vie de l'association APIV : Association de parkinsoniens d'Ille et Vilaine.","robots":{"index":"index","follow":"follow","max-snippet":"max-snippet:-1","max-image-preview":"max-image-preview:large","max-video-preview":"max-video-preview:-1"},"canonical":"https:\/\/fondation-os.fr\/os-ouest\/APIV\/medias\/les-echos-du-park\/","og_locale":"fr_FR","og_type":"article","og_title":"Les \u00c9chos du Park - Graine de Courage, Sourire pour Parkinson","og_description":"\u00ab Les Echos du Park \u00bb est un bulletin de liaison trimestriel qui rassemble diff\u00e9rents articles sur la vie de l'association APIV : Association de parkinsoniens d'Ille et Vilaine.","og_url":"https:\/\/fondation-os.fr\/os-ouest\/APIV\/medias\/les-echos-du-park\/","og_site_name":"Graine de Courage, Sourire pour Parkinson","article_modified_time":"2024-12-27T14:27:56+00:00","twitter_card":"summary_large_image","twitter_misc":{"Dur\u00e9e de lecture estim\u00e9e":"2 minutes"},"schema":{"@context":"https:\/\/schema.org","@graph":[{"@type":"WebPage","@id":"https:\/\/fondation-os.fr\/os-ouest\/APIV\/medias\/les-echos-du-park\/","url":"https:\/\/fondation-os.fr\/os-ouest\/APIV\/medias\/les-echos-du-park\/","name":"Les \u00c9chos du Park - Graine de Courage, Sourire pour Parkinson","isPartOf":{"@id":"https:\/\/fondation-os.fr\/os-ouest\/APIV\/#website"},"datePublished":"2022-11-02T09:45:16+00:00","dateModified":"2024-12-27T14:27:56+00:00","description":"\u00ab Les Echos du Park \u00bb est un bulletin de liaison trimestriel qui rassemble diff\u00e9rents articles sur la vie de l'association APIV : Association de parkinsoniens d'Ille et Vilaine.","breadcrumb":{"@id":"https:\/\/fondation-os.fr\/os-ouest\/APIV\/medias\/les-echos-du-park\/#breadcrumb"},"inLanguage":"fr-FR","potentialAction":[{"@type":"ReadAction","target":["https:\/\/fondation-os.fr\/os-ouest\/APIV\/medias\/les-echos-du-park\/"]}]},{"@type":"BreadcrumbList","@id":"https:\/\/fondation-os.fr\/os-ouest\/APIV\/medias\/les-echos-du-park\/#breadcrumb","itemListElement":[{"@type":"ListItem","position":1,"name":"Accueil","item":"https:\/\/fondation-os.fr\/os-ouest\/APIV\/"},{"@type":"ListItem","position":2,"name":"M\u00e9dias","item":"https:\/\/fondation-os.fr\/os-ouest\/APIV\/medias\/"},{"@type":"ListItem","position":3,"name":"Les \u00c9chos du Park"}]},{"@type":"WebSite","@id":"https:\/\/fondation-os.fr\/os-ouest\/APIV\/#website","url":"https:\/\/fondation-os.fr\/os-ouest\/APIV\/","name":"Graine de Courage, Sourire pour Parkinson","description":"Graine de Courage, Sourire pour Parkinson","publisher":{"@id":"https:\/\/fondation-os.fr\/os-ouest\/APIV\/#organization"},"potentialAction":[{"@type":"SearchAction","target":{"@type":"EntryPoint","urlTemplate":"https:\/\/fondation-os.fr\/os-ouest\/APIV\/?s={search_term_string}"},"query-input":{"@type":"PropertyValueSpecification","valueRequired":true,"valueName":"search_term_string"}}],"inLanguage":"fr-FR"},{"@type":"Organization","@id":"https:\/\/fondation-os.fr\/os-ouest\/APIV\/#organization","name":"Graine de Courage, Sourire pour Parkinson","url":"https:\/\/fondation-os.fr\/os-ouest\/APIV\/","logo":{"@type":"ImageObject","inLanguage":"fr-FR","@id":"https:\/\/fondation-os.fr\/os-ouest\/APIV\/#\/schema\/logo\/image\/","url":"https:\/\/fondation-os.fr\/os-ouest\/APIV\/wp-content\/uploads\/2022\/11\/Logo_APIV_Carre.png","contentUrl":"https:\/\/fondation-os.fr\/os-ouest\/APIV\/wp-content\/uploads\/2022\/11\/Logo_APIV_Carre.png","width":285,"height":287,"caption":"Graine de Courage, Sourire pour Parkinson"},"image":{"@id":"https:\/\/fondation-os.fr\/os-ouest\/APIV\/#\/schema\/logo\/image\/"}}]}},"_links":{"self":[{"href":"https:\/\/fondation-os.fr\/os-ouest\/APIV\/wp-json\/wp\/v2\/pages\/274","targetHints":{"allow":["GET"]}}],"collection":[{"href":"https:\/\/fondation-os.fr\/os-ouest\/APIV\/wp-json\/wp\/v2\/pages"}],"about":[{"href":"https:\/\/fondation-os.fr\/os-ouest\/APIV\/wp-json\/wp\/v2\/types\/page"}],"author":[{"embeddable":true,"href":"https:\/\/fondation-os.fr\/os-ouest\/APIV\/wp-json\/wp\/v2\/users\/1"}],"replies":[{"embeddable":true,"href":"https:\/\/fondation-os.fr\/os-ouest\/APIV\/wp-json\/wp\/v2\/comments?post=274"}],"version-history":[{"count":14,"href":"https:\/\/fondation-os.fr\/os-ouest\/APIV\/wp-json\/wp\/v2\/pages\/274\/revisions"}],"predecessor-version":[{"id":5745,"href":"https:\/\/fondation-os.fr\/os-ouest\/APIV\/wp-json\/wp\/v2\/pages\/274\/revisions\/5745"}],"up":[{"embeddable":true,"href":"https:\/\/fondation-os.fr\/os-ouest\/APIV\/wp-json\/wp\/v2\/pages\/2979"}],"wp:attachment":[{"href":"https:\/\/fondation-os.fr\/os-ouest\/APIV\/wp-json\/wp\/v2\/media?parent=274"}],"curies":[{"name":"wp","href":"https:\/\/api.w.org\/{rel}","templated":true}]}}