{"id":2330,"date":"2023-03-09T09:58:12","date_gmt":"2023-03-09T08:58:12","guid":{"rendered":"https:\/\/fondation-os.fr\/os-ouest\/APIV\/?page_id=2330"},"modified":"2025-01-07T11:44:36","modified_gmt":"2025-01-07T10:44:36","slug":"accueil","status":"publish","type":"page","link":"https:\/\/fondation-os.fr\/os-ouest\/APIV\/","title":{"rendered":"Accueil"},"content":{"rendered":"<p>[et_pb_section fb_built=\u00a0\u00bb1&Prime; _builder_version=\u00a0\u00bb4.27.4&Prime; _module_preset=\u00a0\u00bbdefault\u00a0\u00bb background_color=\u00a0\u00bb#9bb8d3&Prime; background_enable_image=\u00a0\u00bboff\u00a0\u00bb locked=\u00a0\u00bboff\u00a0\u00bb global_colors_info=\u00a0\u00bb{}\u00a0\u00bb][et_pb_row _builder_version=\u00a0\u00bb4.20.2&Prime; _module_preset=\u00a0\u00bbdefault\u00a0\u00bb max_width_tablet=\u00a0\u00bb\u00a0\u00bb max_width_phone=\u00a0\u00bb\u00a0\u00bb max_width_last_edited=\u00a0\u00bbon|desktop\u00a0\u00bb module_alignment=\u00a0\u00bbcenter\u00a0\u00bb custom_margin=\u00a0\u00bb|auto|58px|auto|false|false\u00a0\u00bb custom_padding=\u00a0\u00bb|||0px|false|false\u00a0\u00bb global_colors_info=\u00a0\u00bb{}\u00a0\u00bb][et_pb_column type=\u00a0\u00bb4_4&Prime; _builder_version=\u00a0\u00bb4.18.0&Prime; _module_preset=\u00a0\u00bbdefault\u00a0\u00bb global_colors_info=\u00a0\u00bb{}\u00a0\u00bb][et_pb_text content_tablet=\u00a0\u00bb<\/p>\n<p style=%22text-align: center;%22><span style=%22color: #ffffff;%22><strong>ASSOCIATION DE PARKINSONIENS <\/strong><strong>D&rsquo;ILLE ET VILAINE<\/strong><\/span><strong><\/strong><strong><\/strong><strong><\/strong><strong><\/strong><\/p>\n<p>\u00a0\u00bb content_phone=\u00a0\u00bb<\/p>\n<p style=%22text-align: center;%22><span style=%22color: #ffffff;%22><strong>ASSOCIATION DE PARKINSONIENS <\/strong><strong>D&rsquo;ILLE ET VILAINE<\/strong><\/span><strong><\/strong><strong><\/strong><strong><\/strong><strong><\/strong><\/p>\n<p>\u00a0\u00bb content_last_edited=\u00a0\u00bbon|phone\u00a0\u00bb _builder_version=\u00a0\u00bb4.20.2&Prime; _module_preset=\u00a0\u00bbdefault\u00a0\u00bb text_text_color=\u00a0\u00bb#FFFFFF\u00a0\u00bb text_font_size=\u00a0\u00bb45px\u00a0\u00bb text_letter_spacing=\u00a0\u00bb2px\u00a0\u00bb text_line_height=\u00a0\u00bb1.8em\u00a0\u00bb background_enable_color=\u00a0\u00bboff\u00a0\u00bb text_orientation=\u00a0\u00bbcenter\u00a0\u00bb module_alignment=\u00a0\u00bbcenter\u00a0\u00bb custom_margin=\u00a0\u00bb80px|||0px|false|false\u00a0\u00bb custom_padding=\u00a0\u00bb|||0px|false|false\u00a0\u00bb animation_style=\u00a0\u00bbflip\u00a0\u00bb text_font_size_tablet=\u00a0\u00bb45px\u00a0\u00bb text_font_size_phone=\u00a0\u00bb30px\u00a0\u00bb text_font_size_last_edited=\u00a0\u00bbon|phone\u00a0\u00bb border_color_all=\u00a0\u00bb#FFFFFF\u00a0\u00bb global_colors_info=\u00a0\u00bb{}\u00a0\u00bb]<\/p>\n<p style=\"text-align: center;\"><b>GRAINE DE COURAGE, SOURIRE POUR PARKINSON<\/b><\/p>\n<p>[\/et_pb_text][\/et_pb_column][\/et_pb_row][et_pb_row column_structure=\u00a0\u00bb1_5,3_5,1_5&Prime; _builder_version=\u00a0\u00bb4.27.4&Prime; _module_preset=\u00a0\u00bbdefault\u00a0\u00bb background_color=\u00a0\u00bb#c6c9d0&Prime; border_radii=\u00a0\u00bbon|20px|20px|20px|20px\u00a0\u00bb global_colors_info=\u00a0\u00bb{}\u00a0\u00bb][et_pb_column type=\u00a0\u00bb1_5&Prime; _builder_version=\u00a0\u00bb4.25.1&Prime; _module_preset=\u00a0\u00bbdefault\u00a0\u00bb global_colors_info=\u00a0\u00bb{}\u00a0\u00bb][et_pb_image src=\u00a0\u00bbhttps:\/\/fondation-os.fr\/os-ouest\/APIV\/wp-content\/uploads\/2024\/12\/Logo-Graine-de-Courage-2023_Rond-blanc-transparent.png\u00a0\u00bb title_text=\u00a0\u00bbLogo Graine de Courage &#8211; 2023_Rond blanc transparent\u00a0\u00bb _builder_version=\u00a0\u00bb4.27.4&Prime; _module_preset=\u00a0\u00bbdefault\u00a0\u00bb custom_margin=\u00a0\u00bb|0px|||false|false\u00a0\u00bb custom_padding=\u00a0\u00bb|20px||20px|false|false\u00a0\u00bb hover_enabled=\u00a0\u00bb0&Prime; global_colors_info=\u00a0\u00bb{}\u00a0\u00bb sticky_enabled=\u00a0\u00bb0&Prime;][\/et_pb_image][\/et_pb_column][et_pb_column type=\u00a0\u00bb3_5&Prime; _builder_version=\u00a0\u00bb4.25.1&Prime; _module_preset=\u00a0\u00bbdefault\u00a0\u00bb global_colors_info=\u00a0\u00bb{}\u00a0\u00bb][et_pb_text _builder_version=\u00a0\u00bb4.27.4&Prime; _module_preset=\u00a0\u00bbdefault\u00a0\u00bb header_2_font=\u00a0\u00bb|600|||||||\u00a0\u00bb hover_enabled=\u00a0\u00bb0&Prime; global_colors_info=\u00a0\u00bb{}\u00a0\u00bb custom_margin=\u00a0\u00bb0px|20px|0px|20px|true|true\u00a0\u00bb sticky_enabled=\u00a0\u00bb0&Prime; module_alignment=\u00a0\u00bbcenter\u00a0\u00bb text_orientation=\u00a0\u00bbcenter\u00a0\u00bb custom_padding=\u00a0\u00bb|20px||20px|false|true\u00a0\u00bb]<\/p>\n<h2>La fusion entre Graine de Courage, Sourire pour Parkinson et l&rsquo;Association de Parkinsoniens d&rsquo;Ille-et-Vilaine est d\u00e9sormais effective.<\/h2>\n<h2>Cette union permet d\u2019accompagner \u00e0 la fois les malades et leurs aidants, en renfor\u00e7ant les actions et le soutien propos\u00e9.<\/h2>\n<p>[\/et_pb_text][\/et_pb_column][et_pb_column type=\u00a0\u00bb1_5&Prime; _builder_version=\u00a0\u00bb4.25.1&Prime; _module_preset=\u00a0\u00bbdefault\u00a0\u00bb global_colors_info=\u00a0\u00bb{}\u00a0\u00bb][et_pb_image src=\u00a0\u00bbhttps:\/\/fondation-os.fr\/os-ouest\/APIV\/wp-content\/uploads\/2022\/11\/Logo_APIV.png\u00a0\u00bb title_text=\u00a0\u00bbLogo_APIV\u00a0\u00bb align=\u00a0\u00bbcenter\u00a0\u00bb _builder_version=\u00a0\u00bb4.27.4&Prime; _module_preset=\u00a0\u00bbdefault\u00a0\u00bb custom_padding=\u00a0\u00bb|20px||20px|false|false\u00a0\u00bb global_colors_info=\u00a0\u00bb{}\u00a0\u00bb][\/et_pb_image][\/et_pb_column][\/et_pb_row][et_pb_row column_structure=\u00a0\u00bb3_4,1_4&Prime; _builder_version=\u00a0\u00bb4.27.4&Prime; _module_preset=\u00a0\u00bbdefault\u00a0\u00bb background_color=\u00a0\u00bb#35455b\u00a0\u00bb custom_margin=\u00a0\u00bb50px||||false|false\u00a0\u00bb custom_padding=\u00a0\u00bb50px|50px|50px|50px|false|true\u00a0\u00bb border_radii=\u00a0\u00bbon|20px|20px|20px|20px\u00a0\u00bb global_colors_info=\u00a0\u00bb{}\u00a0\u00bb][et_pb_column type=\u00a0\u00bb3_4&Prime; _builder_version=\u00a0\u00bb4.27.4&Prime; _module_preset=\u00a0\u00bbdefault\u00a0\u00bb global_colors_info=\u00a0\u00bb{}\u00a0\u00bb][et_pb_text _builder_version=\u00a0\u00bb4.27.4&Prime; _module_preset=\u00a0\u00bbdefault\u00a0\u00bb text_text_color=\u00a0\u00bb#FFFFFF\u00a0\u00bb border_radii=\u00a0\u00bbon|10px|10px|10px|10px\u00a0\u00bb border_color_all=\u00a0\u00bbRGBA(255,255,255,0)\u00a0\u00bb global_colors_info=\u00a0\u00bb{}\u00a0\u00bb]<\/p>\n<p><strong>Le mot du Pr\u00e9sident<\/strong><\/p>\n<p>Chers adh\u00e9rents, chers membres, chers amis,<\/p>\n<p>C\u2019est avec une immense joie et un profond sentiment de gratitude que je m\u2019adresse \u00e0 vous aujourd\u2019hui alors que nous c\u00e9l\u00e9brons notre fusion avec l\u2019APIV. Cette derni\u00e8re, une amie qui a toujours partag\u00e9 nos valeurs et notre engagement envers les malades et les aidants de la maladie de Parkinson.<\/p>\n<p>Cette union repr\u00e9sente une belle opportunit\u00e9 pour renforcer notre soutien et \u00e9largir notre impact. Ensemble, nous serons en mesure de proposer des initiatives encore plus riches et adapt\u00e9es aux besoins de notre communaut\u00e9. Je suis convaincu que cette collaboration nous permettra de mieux accompagner ceux qui en ont besoin, tout en cr\u00e9ant un r\u00e9seau de solidarit\u00e9 souriant encore plus fort.<\/p>\n<p>Je tiens \u00e9galement \u00e0 exprimer ma sinc\u00e8re gratitude \u00e0 Yves BOCCOU, l\u2019ancien pr\u00e9sident de notre association. Son d\u00e9vouement et son leadership ont \u00e9t\u00e9 pr\u00e9cieux pour nous tous. Gr\u00e2ce \u00e0 son engagement, nous avons pu avancer dans notre mission et apporter un soutien significatif \u00e0 de nombreuses personnes touch\u00e9es par cette maladie. Merci \u00e0 toi Yves ainsi qu\u2019aux b\u00e9n\u00e9voles, pour tout ce que vous avez fait.<\/p>\n<p>Ensemble, avec Isabelle, Evelyne, les b\u00e9n\u00e9voles et le nouveau conseil d\u2019administration, nous allons continuer \u00e0 \u0153uvrer pour un avenir meilleur pour les malades de Parkinson et leurs aidants. Je suis impatient de travailler avec vous tous pour faire de cette nouvelle \u00e9tape un succ\u00e8s, nous reviendrons vers vous en ce d\u00e9but d\u2019ann\u00e9e afin de vous faire part du programme de l\u2019ann\u00e9e \u00e0 venir. N\u2019h\u00e9sitez pas \u00e0 nous suivre sur les r\u00e9seaux sociaux (Facebook, Instagram) \ud83d\ude09.<\/p>\n<p>Merci de votre confiance et de votre engagement.<\/p>\n<p>Je vous souhaite de douces f\u00eates de fin d\u2019ann\u00e9e et un excellent passage en 2025 !<\/p>\n<p><strong>Ghislain COUPLET<\/strong><\/p>\n<p>[\/et_pb_text][\/et_pb_column][et_pb_column type=\u00a0\u00bb1_4&Prime; _builder_version=\u00a0\u00bb4.27.4&Prime; _module_preset=\u00a0\u00bbdefault\u00a0\u00bb global_colors_info=\u00a0\u00bb{}\u00a0\u00bb][et_pb_image src=\u00a0\u00bbhttps:\/\/fondation-os.fr\/os-ouest\/APIV\/wp-content\/uploads\/2024\/12\/Ghislain-COUPLET.jpeg\u00a0\u00bb title_text=\u00a0\u00bbGhislain COUPLET\u00a0\u00bb align=\u00a0\u00bbcenter\u00a0\u00bb _builder_version=\u00a0\u00bb4.27.4&Prime; _module_preset=\u00a0\u00bbdefault\u00a0\u00bb module_alignment=\u00a0\u00bbcenter\u00a0\u00bb global_colors_info=\u00a0\u00bb{}\u00a0\u00bb][\/et_pb_image][\/et_pb_column][\/et_pb_row][et_pb_row _builder_version=\u00a0\u00bb4.27.4&Prime; _module_preset=\u00a0\u00bbdefault\u00a0\u00bb custom_margin=\u00a0\u00bb||-150px||false|false\u00a0\u00bb global_colors_info=\u00a0\u00bb{}\u00a0\u00bb][et_pb_column type=\u00a0\u00bb4_4&Prime; _builder_version=\u00a0\u00bb4.21.0&Prime; _module_preset=\u00a0\u00bbdefault\u00a0\u00bb global_colors_info=\u00a0\u00bb{}\u00a0\u00bb][\/et_pb_column][\/et_pb_row][et_pb_row _builder_version=\u00a0\u00bb4.21.0&Prime; _module_preset=\u00a0\u00bbdefault\u00a0\u00bb global_colors_info=\u00a0\u00bb{}\u00a0\u00bb][et_pb_column type=\u00a0\u00bb4_4&Prime; _builder_version=\u00a0\u00bb4.21.0&Prime; _module_preset=\u00a0\u00bbdefault\u00a0\u00bb global_colors_info=\u00a0\u00bb{}\u00a0\u00bb][et_pb_text module_id=\u00a0\u00bbBlog_A_la_Une\u00a0\u00bb _builder_version=\u00a0\u00bb4.21.0&Prime; _module_preset=\u00a0\u00bbdefault\u00a0\u00bb header_text_align=\u00a0\u00bbleft\u00a0\u00bb header_2_text_align=\u00a0\u00bbleft\u00a0\u00bb header_2_text_color=\u00a0\u00bb#FFFFFF\u00a0\u00bb header_2_font_size=\u00a0\u00bb40px\u00a0\u00bb custom_margin=\u00a0\u00bb||||false|true\u00a0\u00bb custom_padding=\u00a0\u00bb||||false|false\u00a0\u00bb animation_style=\u00a0\u00bbzoom\u00a0\u00bb locked=\u00a0\u00bboff\u00a0\u00bb global_colors_info=\u00a0\u00bb{}\u00a0\u00bb]<\/p>\n<h2 style=\"text-align: left;\"><marquee>Actualit\u00e9s \u00e0 la une&#8230;<\/marquee><\/h2>\n<p>[\/et_pb_text][et_pb_blog fullwidth=\u00a0\u00bboff\u00a0\u00bb posts_number=\u00a0\u00bb3&Prime; include_categories=\u00a0\u00bb27&Prime; meta_date=\u00a0\u00bbj M Y\u00a0\u00bb show_more=\u00a0\u00bbon\u00a0\u00bb show_author=\u00a0\u00bboff\u00a0\u00bb show_categories=\u00a0\u00bboff\u00a0\u00bb module_id=\u00a0\u00bbBlog_A_la_Une\u00a0\u00bb _builder_version=\u00a0\u00bb4.27.4&Prime; _module_preset=\u00a0\u00bbdefault\u00a0\u00bb header_font=\u00a0\u00bb|600|||||||\u00a0\u00bb header_text_color=\u00a0\u00bb#35455b\u00a0\u00bb header_font_size=\u00a0\u00bb20px\u00a0\u00bb header_line_height=\u00a0\u00bb1.2em\u00a0\u00bb meta_font=\u00a0\u00bb|600|||||||\u00a0\u00bb meta_text_color=\u00a0\u00bb#9bb8d3&Prime; read_more_font=\u00a0\u00bb|600|on||||||\u00a0\u00bb read_more_text_color=\u00a0\u00bb#35455b\u00a0\u00bb read_more_font_size=\u00a0\u00bb20px\u00a0\u00bb pagination_font=\u00a0\u00bb||||||||\u00a0\u00bb pagination_text_color=\u00a0\u00bbgcid-400a7e21-c726-4e4e-8cbb-593eca32d1f6&Prime; overflow-y=\u00a0\u00bbvisible\u00a0\u00bb custom_margin=\u00a0\u00bb||||false|false\u00a0\u00bb custom_padding=\u00a0\u00bb||||false|true\u00a0\u00bb animation_style=\u00a0\u00bbflip\u00a0\u00bb border_radii=\u00a0\u00bbon|20px|20px|20px|20px\u00a0\u00bb border_width_all=\u00a0\u00bb0px\u00a0\u00bb border_color_all=\u00a0\u00bb#35455b\u00a0\u00bb border_radii_image=\u00a0\u00bbon|20px|20px|20px|20px\u00a0\u00bb border_width_all_image=\u00a0\u00bb10px\u00a0\u00bb border_color_all_image=\u00a0\u00bb#FFFFFF\u00a0\u00bb box_shadow_style=\u00a0\u00bbpreset1&Prime; box_shadow_color=\u00a0\u00bb#35455b\u00a0\u00bb locked=\u00a0\u00bboff\u00a0\u00bb global_colors_info=\u00a0\u00bb{%22gcid-400a7e21-c726-4e4e-8cbb-593eca32d1f6%22:%91%22pagination_text_color%22%93}\u00a0\u00bb][\/et_pb_blog][\/et_pb_column][\/et_pb_row][et_pb_row _builder_version=\u00a0\u00bb4.21.0&Prime; _module_preset=\u00a0\u00bbdefault\u00a0\u00bb global_colors_info=\u00a0\u00bb{}\u00a0\u00bb][et_pb_column type=\u00a0\u00bb4_4&Prime; _builder_version=\u00a0\u00bb4.21.0&Prime; _module_preset=\u00a0\u00bbdefault\u00a0\u00bb global_colors_info=\u00a0\u00bb{}\u00a0\u00bb][et_pb_text module_id=\u00a0\u00bbBlog_A_la_Une\u00a0\u00bb _builder_version=\u00a0\u00bb4.21.0&Prime; _module_preset=\u00a0\u00bbdefault\u00a0\u00bb header_text_align=\u00a0\u00bbleft\u00a0\u00bb header_2_text_align=\u00a0\u00bbleft\u00a0\u00bb header_2_text_color=\u00a0\u00bb#FFFFFF\u00a0\u00bb header_2_font_size=\u00a0\u00bb40px\u00a0\u00bb custom_margin=\u00a0\u00bb||||false|true\u00a0\u00bb custom_padding=\u00a0\u00bb||||false|false\u00a0\u00bb animation_style=\u00a0\u00bbzoom\u00a0\u00bb locked=\u00a0\u00bboff\u00a0\u00bb global_colors_info=\u00a0\u00bb{}\u00a0\u00bb]<\/p>\n<h2 style=\"text-align: left;\"><marquee>\u00c9v\u00e9nements \u00e0 venir&#8230;<\/marquee><\/h2>\n<p>[\/et_pb_text][decm_event_display event_selection=\u00a0\u00bbcustom_event\u00a0\u00bb included_categories=\u00a0\u00bb37&Prime; show_recurring_events=\u00a0\u00bboff\u00a0\u00bb show_past=\u00a0\u00bbpast_future_events\u00a0\u00bb date_format=\u00a0\u00bbd M Y\u00a0\u00bb shorten_multidate=\u00a0\u00bboff\u00a0\u00bb show_end_date=\u00a0\u00bboff\u00a0\u00bb show_price=\u00a0\u00bboff\u00a0\u00bb show_category=\u00a0\u00bboff\u00a0\u00bb show_weburl=\u00a0\u00bboff\u00a0\u00bb event_order=\u00a0\u00bbDESC\u00a0\u00bb event_count=\u00a0\u00bb3&Prime; open_toggle_background_color=\u00a0\u00bb#FFFFFF\u00a0\u00bb details_background_color=\u00a0\u00bbRGBA(255,255,255,0)\u00a0\u00bb details_icon_color=\u00a0\u00bb#9bb8d3&Prime; cards_spacing=\u00a0\u00bb|||0px|false|false\u00a0\u00bb event_inner_spacing=\u00a0\u00bb|10px||10px|false|true\u00a0\u00bb view_more_text=\u00a0\u00bbPlus d&rsquo;informations\u00a0\u00bb align=\u00a0\u00bbcenter\u00a0\u00bb thumbnail_margin=\u00a0\u00bb10px|0px|25px|0px|false|true\u00a0\u00bb thumbnail_padding=\u00a0\u00bb|0px||0px|false|true\u00a0\u00bb callout_padding=\u00a0\u00bb5px|10px|5px|10px|true|true\u00a0\u00bb image_aspect_ratio=\u00a0\u00bb1\/1&Prime; button_align=\u00a0\u00bbon\u00a0\u00bb button_make_fullwidth=\u00a0\u00bbon\u00a0\u00bb show_pagination=\u00a0\u00bbon\u00a0\u00bb pagination_type=\u00a0\u00bbpaged\u00a0\u00bb custom_category_link_target=\u00a0\u00bb_blank\u00a0\u00bb paged_pagination_background_color=\u00a0\u00bbRGBA(255,255,255,0)\u00a0\u00bb previous_entries_text=\u00a0\u00bb\u00c9v\u00e9nements suivants\u00a0\u00bb next_entries_text=\u00a0\u00bb\u00c9v\u00e9nements pr\u00e9c\u00e9dents\u00a0\u00bb _builder_version=\u00a0\u00bb4.27.4&Prime; _module_preset=\u00a0\u00bbdefault\u00a0\u00bb title_font=\u00a0\u00bb|600|||||||\u00a0\u00bb title_text_color=\u00a0\u00bb#35455b\u00a0\u00bb title_font_size=\u00a0\u00bb18px\u00a0\u00bb title_line_height=\u00a0\u00bb1.2em\u00a0\u00bb duration_font=\u00a0\u00bb||on||||||\u00a0\u00bb duration_labels_text_color=\u00a0\u00bb#9bb8d3&Prime; callout_date_text_align=\u00a0\u00bbcenter\u00a0\u00bb callout_date_text_color=\u00a0\u00bb#9bb8d3&Prime; callout_date_font_size=\u00a0\u00bb25px\u00a0\u00bb callout_month_text_color=\u00a0\u00bb#35455b\u00a0\u00bb event_pagination_paged_font=\u00a0\u00bb|600|on||||||\u00a0\u00bb event_pagination_paged_text_color=\u00a0\u00bb#FFFFFF\u00a0\u00bb event_pagination_paged_font_size=\u00a0\u00bb20px\u00a0\u00bb use_background_color=\u00a0\u00bboff\u00a0\u00bb custom_view_more=\u00a0\u00bbon\u00a0\u00bb view_more_text_color=\u00a0\u00bb#FFFFFF\u00a0\u00bb view_more_bg_color=\u00a0\u00bb#35455B\u00a0\u00bb view_more_border_color=\u00a0\u00bb#FFFFFF\u00a0\u00bb view_more_font=\u00a0\u00bb|600|||||||\u00a0\u00bb view_more_icon=\u00a0\u00bb&#x46;||divi||400&Prime; view_more_icon_color=\u00a0\u00bb#FFFFFF\u00a0\u00bb custom_ajax_load_more_button=\u00a0\u00bbon\u00a0\u00bb ajax_load_more_button_text_color=\u00a0\u00bb#006837&Prime; ajax_load_more_button_bg_color=\u00a0\u00bbRGBA(255,255,255,0)\u00a0\u00bb hover_enabled=\u00a0\u00bb0&Prime; border_radii_thumbnail_border=\u00a0\u00bbon|5px|5px|5px|5px\u00a0\u00bb border_color_all_thumbnail_border=\u00a0\u00bbRGBA(255,255,255,0)\u00a0\u00bb border_radii_event_border=\u00a0\u00bbon|10px|10px|10px|10px\u00a0\u00bb border_width_all_event_border=\u00a0\u00bb0px\u00a0\u00bb box_shadow_style_event_box_shadow=\u00a0\u00bbpreset1&Prime; box_shadow_color_event_box_shadow=\u00a0\u00bb#35455b\u00a0\u00bb locked=\u00a0\u00bboff\u00a0\u00bb global_colors_info=\u00a0\u00bb{}\u00a0\u00bb event_pagination_paged_text_color__hover_enabled=\u00a0\u00bbon|hover\u00a0\u00bb event_pagination_paged_text_color__hover=\u00a0\u00bb#EF568E\u00a0\u00bb view_more_text_color__hover_enabled=\u00a0\u00bbon|desktop\u00a0\u00bb view_more_text_color__hover=\u00a0\u00bb#c6c9d0&Prime; title_text_color__hover_enabled=\u00a0\u00bbon|hover\u00a0\u00bb title_text_color__hover=\u00a0\u00bb#006837&Prime; custom_padding=\u00a0\u00bb||35px|||\u00a0\u00bb sticky_enabled=\u00a0\u00bb0&Prime;][\/decm_event_display][\/et_pb_column][\/et_pb_row][\/et_pb_section]<\/p>\n","protected":false},"excerpt":{"rendered":"<p>GRAINE DE COURAGE, SOURIRE POUR PARKINSONLa fusion entre Graine de Courage, Sourire pour Parkinson et l&rsquo;Association de Parkinsoniens d&rsquo;Ille-et-Vilaine est d\u00e9sormais effective. Cette union permet d\u2019accompagner \u00e0 la fois les [&hellip;]<\/p>\n","protected":false},"author":4,"featured_media":0,"parent":0,"menu_order":0,"comment_status":"closed","ping_status":"closed","template":"","meta":{"_acf_changed":false,"_et_pb_use_builder":"on","_et_pb_old_content":"","_et_gb_content_width":"","footnotes":""},"class_list":["post-2330","page","type-page","status-publish","hentry"],"acf":[],"yoast_head":"<!-- This site is optimized with the Yoast SEO plugin v27.4 - https:\/\/yoast.com\/product\/yoast-seo-wordpress\/ -->\n<title>Accueil - Graine de Courage, Sourire pour Parkinson<\/title>\n<meta name=\"description\" content=\"L&#039;association Graine de Courage, Sourire pour Parkinson a pour but d\u2019aider \u00e0 lutter contre la maladie de Parkinson. Elle favorise la mise en relation des malades et leur apporte de l&#039;information....\" \/>\n<meta name=\"robots\" content=\"index, follow, max-snippet:-1, max-image-preview:large, max-video-preview:-1\" \/>\n<link rel=\"canonical\" href=\"https:\/\/fondation-os.fr\/os-ouest\/APIV\/\" \/>\n<meta property=\"og:locale\" content=\"fr_FR\" \/>\n<meta property=\"og:type\" content=\"article\" \/>\n<meta property=\"og:title\" content=\"Accueil - Graine de Courage, Sourire pour Parkinson\" \/>\n<meta property=\"og:description\" content=\"L&#039;association Graine de Courage, Sourire pour Parkinson a pour but d\u2019aider \u00e0 lutter contre la maladie de Parkinson. Elle favorise la mise en relation des malades et leur apporte de l&#039;information....\" \/>\n<meta property=\"og:url\" content=\"https:\/\/fondation-os.fr\/os-ouest\/APIV\/\" \/>\n<meta property=\"og:site_name\" content=\"Graine de Courage, Sourire pour Parkinson\" \/>\n<meta property=\"article:modified_time\" content=\"2025-01-07T10:44:36+00:00\" \/>\n<meta name=\"twitter:card\" content=\"summary_large_image\" \/>\n<meta name=\"twitter:label1\" content=\"Dur\u00e9e de lecture estim\u00e9e\" \/>\n\t<meta name=\"twitter:data1\" content=\"4 minutes\" \/>\n<script type=\"application\/ld+json\" class=\"yoast-schema-graph\">{\"@context\":\"https:\\\/\\\/schema.org\",\"@graph\":[{\"@type\":\"WebPage\",\"@id\":\"https:\\\/\\\/fondation-os.fr\\\/os-ouest\\\/APIV\\\/\",\"url\":\"https:\\\/\\\/fondation-os.fr\\\/os-ouest\\\/APIV\\\/\",\"name\":\"Accueil - Graine de Courage, Sourire pour Parkinson\",\"isPartOf\":{\"@id\":\"https:\\\/\\\/fondation-os.fr\\\/os-ouest\\\/APIV\\\/#website\"},\"datePublished\":\"2023-03-09T08:58:12+00:00\",\"dateModified\":\"2025-01-07T10:44:36+00:00\",\"description\":\"L'association Graine de Courage, Sourire pour Parkinson a pour but d\u2019aider \u00e0 lutter contre la maladie de Parkinson. Elle favorise la mise en relation des malades et leur apporte de l'information....\",\"breadcrumb\":{\"@id\":\"https:\\\/\\\/fondation-os.fr\\\/os-ouest\\\/APIV\\\/#breadcrumb\"},\"inLanguage\":\"fr-FR\",\"potentialAction\":[{\"@type\":\"ReadAction\",\"target\":[\"https:\\\/\\\/fondation-os.fr\\\/os-ouest\\\/APIV\\\/\"]}]},{\"@type\":\"BreadcrumbList\",\"@id\":\"https:\\\/\\\/fondation-os.fr\\\/os-ouest\\\/APIV\\\/#breadcrumb\",\"itemListElement\":[{\"@type\":\"ListItem\",\"position\":1,\"name\":\"Accueil\",\"item\":\"https:\\\/\\\/fondation-os.fr\\\/os-ouest\\\/APIV\\\/\"},{\"@type\":\"ListItem\",\"position\":2,\"name\":\"Accueil\"}]},{\"@type\":\"WebSite\",\"@id\":\"https:\\\/\\\/fondation-os.fr\\\/os-ouest\\\/APIV\\\/#website\",\"url\":\"https:\\\/\\\/fondation-os.fr\\\/os-ouest\\\/APIV\\\/\",\"name\":\"Graine de Courage, Sourire pour Parkinson\",\"description\":\"Graine de Courage, Sourire pour Parkinson\",\"publisher\":{\"@id\":\"https:\\\/\\\/fondation-os.fr\\\/os-ouest\\\/APIV\\\/#organization\"},\"potentialAction\":[{\"@type\":\"SearchAction\",\"target\":{\"@type\":\"EntryPoint\",\"urlTemplate\":\"https:\\\/\\\/fondation-os.fr\\\/os-ouest\\\/APIV\\\/?s={search_term_string}\"},\"query-input\":{\"@type\":\"PropertyValueSpecification\",\"valueRequired\":true,\"valueName\":\"search_term_string\"}}],\"inLanguage\":\"fr-FR\"},{\"@type\":\"Organization\",\"@id\":\"https:\\\/\\\/fondation-os.fr\\\/os-ouest\\\/APIV\\\/#organization\",\"name\":\"Graine de Courage, Sourire pour Parkinson\",\"url\":\"https:\\\/\\\/fondation-os.fr\\\/os-ouest\\\/APIV\\\/\",\"logo\":{\"@type\":\"ImageObject\",\"inLanguage\":\"fr-FR\",\"@id\":\"https:\\\/\\\/fondation-os.fr\\\/os-ouest\\\/APIV\\\/#\\\/schema\\\/logo\\\/image\\\/\",\"url\":\"https:\\\/\\\/fondation-os.fr\\\/os-ouest\\\/APIV\\\/wp-content\\\/uploads\\\/2022\\\/11\\\/Logo_APIV_Carre.png\",\"contentUrl\":\"https:\\\/\\\/fondation-os.fr\\\/os-ouest\\\/APIV\\\/wp-content\\\/uploads\\\/2022\\\/11\\\/Logo_APIV_Carre.png\",\"width\":285,\"height\":287,\"caption\":\"Graine de Courage, Sourire pour Parkinson\"},\"image\":{\"@id\":\"https:\\\/\\\/fondation-os.fr\\\/os-ouest\\\/APIV\\\/#\\\/schema\\\/logo\\\/image\\\/\"}}]}<\/script>\n<!-- \/ Yoast SEO plugin. -->","yoast_head_json":{"title":"Accueil - Graine de Courage, Sourire pour Parkinson","description":"L'association Graine de Courage, Sourire pour Parkinson a pour but d\u2019aider \u00e0 lutter contre la maladie de Parkinson. Elle favorise la mise en relation des malades et leur apporte de l'information....","robots":{"index":"index","follow":"follow","max-snippet":"max-snippet:-1","max-image-preview":"max-image-preview:large","max-video-preview":"max-video-preview:-1"},"canonical":"https:\/\/fondation-os.fr\/os-ouest\/APIV\/","og_locale":"fr_FR","og_type":"article","og_title":"Accueil - Graine de Courage, Sourire pour Parkinson","og_description":"L'association Graine de Courage, Sourire pour Parkinson a pour but d\u2019aider \u00e0 lutter contre la maladie de Parkinson. Elle favorise la mise en relation des malades et leur apporte de l'information....","og_url":"https:\/\/fondation-os.fr\/os-ouest\/APIV\/","og_site_name":"Graine de Courage, Sourire pour Parkinson","article_modified_time":"2025-01-07T10:44:36+00:00","twitter_card":"summary_large_image","twitter_misc":{"Dur\u00e9e de lecture estim\u00e9e":"4 minutes"},"schema":{"@context":"https:\/\/schema.org","@graph":[{"@type":"WebPage","@id":"https:\/\/fondation-os.fr\/os-ouest\/APIV\/","url":"https:\/\/fondation-os.fr\/os-ouest\/APIV\/","name":"Accueil - Graine de Courage, Sourire pour Parkinson","isPartOf":{"@id":"https:\/\/fondation-os.fr\/os-ouest\/APIV\/#website"},"datePublished":"2023-03-09T08:58:12+00:00","dateModified":"2025-01-07T10:44:36+00:00","description":"L'association Graine de Courage, Sourire pour Parkinson a pour but d\u2019aider \u00e0 lutter contre la maladie de Parkinson. Elle favorise la mise en relation des malades et leur apporte de l'information....","breadcrumb":{"@id":"https:\/\/fondation-os.fr\/os-ouest\/APIV\/#breadcrumb"},"inLanguage":"fr-FR","potentialAction":[{"@type":"ReadAction","target":["https:\/\/fondation-os.fr\/os-ouest\/APIV\/"]}]},{"@type":"BreadcrumbList","@id":"https:\/\/fondation-os.fr\/os-ouest\/APIV\/#breadcrumb","itemListElement":[{"@type":"ListItem","position":1,"name":"Accueil","item":"https:\/\/fondation-os.fr\/os-ouest\/APIV\/"},{"@type":"ListItem","position":2,"name":"Accueil"}]},{"@type":"WebSite","@id":"https:\/\/fondation-os.fr\/os-ouest\/APIV\/#website","url":"https:\/\/fondation-os.fr\/os-ouest\/APIV\/","name":"Graine de Courage, Sourire pour Parkinson","description":"Graine de Courage, Sourire pour Parkinson","publisher":{"@id":"https:\/\/fondation-os.fr\/os-ouest\/APIV\/#organization"},"potentialAction":[{"@type":"SearchAction","target":{"@type":"EntryPoint","urlTemplate":"https:\/\/fondation-os.fr\/os-ouest\/APIV\/?s={search_term_string}"},"query-input":{"@type":"PropertyValueSpecification","valueRequired":true,"valueName":"search_term_string"}}],"inLanguage":"fr-FR"},{"@type":"Organization","@id":"https:\/\/fondation-os.fr\/os-ouest\/APIV\/#organization","name":"Graine de Courage, Sourire pour Parkinson","url":"https:\/\/fondation-os.fr\/os-ouest\/APIV\/","logo":{"@type":"ImageObject","inLanguage":"fr-FR","@id":"https:\/\/fondation-os.fr\/os-ouest\/APIV\/#\/schema\/logo\/image\/","url":"https:\/\/fondation-os.fr\/os-ouest\/APIV\/wp-content\/uploads\/2022\/11\/Logo_APIV_Carre.png","contentUrl":"https:\/\/fondation-os.fr\/os-ouest\/APIV\/wp-content\/uploads\/2022\/11\/Logo_APIV_Carre.png","width":285,"height":287,"caption":"Graine de Courage, Sourire pour Parkinson"},"image":{"@id":"https:\/\/fondation-os.fr\/os-ouest\/APIV\/#\/schema\/logo\/image\/"}}]}},"_links":{"self":[{"href":"https:\/\/fondation-os.fr\/os-ouest\/APIV\/wp-json\/wp\/v2\/pages\/2330","targetHints":{"allow":["GET"]}}],"collection":[{"href":"https:\/\/fondation-os.fr\/os-ouest\/APIV\/wp-json\/wp\/v2\/pages"}],"about":[{"href":"https:\/\/fondation-os.fr\/os-ouest\/APIV\/wp-json\/wp\/v2\/types\/page"}],"author":[{"embeddable":true,"href":"https:\/\/fondation-os.fr\/os-ouest\/APIV\/wp-json\/wp\/v2\/users\/4"}],"replies":[{"embeddable":true,"href":"https:\/\/fondation-os.fr\/os-ouest\/APIV\/wp-json\/wp\/v2\/comments?post=2330"}],"version-history":[{"count":36,"href":"https:\/\/fondation-os.fr\/os-ouest\/APIV\/wp-json\/wp\/v2\/pages\/2330\/revisions"}],"predecessor-version":[{"id":5799,"href":"https:\/\/fondation-os.fr\/os-ouest\/APIV\/wp-json\/wp\/v2\/pages\/2330\/revisions\/5799"}],"wp:attachment":[{"href":"https:\/\/fondation-os.fr\/os-ouest\/APIV\/wp-json\/wp\/v2\/media?parent=2330"}],"curies":[{"name":"wp","href":"https:\/\/api.w.org\/{rel}","templated":true}]}}