{"id":1639,"date":"2023-01-31T16:25:12","date_gmt":"2023-01-31T15:25:12","guid":{"rendered":"https:\/\/fondation-os.fr\/os-ouest\/APIV\/?page_id=1639"},"modified":"2024-12-27T16:08:32","modified_gmt":"2024-12-27T15:08:32","slug":"pr-vitre","status":"publish","type":"page","link":"https:\/\/fondation-os.fr\/os-ouest\/APIV\/points-rencontre\/pr-vitre\/","title":{"rendered":"PR Vitr\u00e9"},"content":{"rendered":"<p>[et_pb_section fb_built=\u00a0\u00bb1&Prime; _builder_version=\u00a0\u00bb4.27.4&Prime; _module_preset=\u00a0\u00bbdefault\u00a0\u00bb background_color=\u00a0\u00bb#9BB8D3&Prime; top_divider_style=\u00a0\u00bbslant2&Prime; top_divider_color=\u00a0\u00bb#35455B\u00a0\u00bb top_divider_height=\u00a0\u00bb75px\u00a0\u00bb bottom_divider_style=\u00a0\u00bbramp2&Prime; bottom_divider_color=\u00a0\u00bb#35455B\u00a0\u00bb bottom_divider_height=\u00a0\u00bb75px\u00a0\u00bb hover_enabled=\u00a0\u00bb0&Prime; global_colors_info=\u00a0\u00bb{}\u00a0\u00bb sticky_enabled=\u00a0\u00bb0&Prime;][et_pb_row _builder_version=\u00a0\u00bb4.20.4&Prime; _module_preset=\u00a0\u00bbdefault\u00a0\u00bb custom_margin=\u00a0\u00bb-40px||||false|false\u00a0\u00bb locked=\u00a0\u00bboff\u00a0\u00bb global_colors_info=\u00a0\u00bb{}\u00a0\u00bb][et_pb_column type=\u00a0\u00bb4_4&Prime; _builder_version=\u00a0\u00bb4.19.0&Prime; _module_preset=\u00a0\u00bbdefault\u00a0\u00bb global_colors_info=\u00a0\u00bb{}\u00a0\u00bb][et_pb_text _builder_version=\u00a0\u00bb4.27.4&Prime; _module_preset=\u00a0\u00bbdefault\u00a0\u00bb header_font=\u00a0\u00bb|600|||||||\u00a0\u00bb header_text_color=\u00a0\u00bb#35455B\u00a0\u00bb hover_enabled=\u00a0\u00bb0&Prime; global_colors_info=\u00a0\u00bb{}\u00a0\u00bb sticky_enabled=\u00a0\u00bb0&Prime;]<\/p>\n<h1>Point Rencontre de Vitr\u00e9<\/h1>\n<p>[\/et_pb_text][\/et_pb_column][\/et_pb_row][et_pb_row column_structure=\u00a0\u00bb1_4,1_4,1_2&Prime; _builder_version=\u00a0\u00bb4.27.4&Prime; _module_preset=\u00a0\u00bbdefault\u00a0\u00bb background_color=\u00a0\u00bb#FFFFFF\u00a0\u00bb custom_margin=\u00a0\u00bb||20px||false|false\u00a0\u00bb hover_enabled=\u00a0\u00bb0&Prime; border_radii=\u00a0\u00bbon|10px|10px|10px|10px\u00a0\u00bb border_width_all=\u00a0\u00bb5px\u00a0\u00bb border_color_all=\u00a0\u00bb#35455B\u00a0\u00bb box_shadow_style=\u00a0\u00bbpreset1&Prime; locked=\u00a0\u00bboff\u00a0\u00bb global_colors_info=\u00a0\u00bb{}\u00a0\u00bb sticky_enabled=\u00a0\u00bb0&Prime;][et_pb_column type=\u00a0\u00bb1_4&Prime; _builder_version=\u00a0\u00bb4.20.4&Prime; _module_preset=\u00a0\u00bbdefault\u00a0\u00bb border_color_right=\u00a0\u00bb#FF0000&Prime; global_colors_info=\u00a0\u00bb{}\u00a0\u00bb][et_pb_text _builder_version=\u00a0\u00bb4.27.4&Prime; _module_preset=\u00a0\u00bbdefault\u00a0\u00bb text_font=\u00a0\u00bb|600|||||||\u00a0\u00bb text_text_color=\u00a0\u00bb#35455B\u00a0\u00bb header_font=\u00a0\u00bbAboreto||||||||\u00a0\u00bb header_font_size=\u00a0\u00bb22px\u00a0\u00bb header_2_font=\u00a0\u00bb|600|||||||\u00a0\u00bb header_2_text_color=\u00a0\u00bb#35455B\u00a0\u00bb header_2_font_size=\u00a0\u00bb25px\u00a0\u00bb custom_margin=\u00a0\u00bb|||20px|false|false\u00a0\u00bb hover_enabled=\u00a0\u00bb0&Prime; border_color_right=\u00a0\u00bb#FFFFFF\u00a0\u00bb global_colors_info=\u00a0\u00bb{}\u00a0\u00bb header_text_color=\u00a0\u00bb#35455B\u00a0\u00bb sticky_enabled=\u00a0\u00bb0&Prime;]<\/p>\n<h2>\u00a0Votre contact \u00e0 Vitr\u00e9<\/h2>\n<p>&nbsp;<\/p>\n<p>Th\u00e9r\u00e8se MASSON<br \/>T\u00e9l. : 06 63 20 02 33<\/p>\n<p><strong><span style=\"color: #ff0000;\"><\/span><\/strong><\/p>\n<p>[\/et_pb_text][\/et_pb_column][et_pb_column type=\u00a0\u00bb1_4&Prime; _builder_version=\u00a0\u00bb4.20.4&Prime; _module_preset=\u00a0\u00bbdefault\u00a0\u00bb border_width_right=\u00a0\u00bb3px\u00a0\u00bb border_color_right=\u00a0\u00bb#FFFFFF\u00a0\u00bb global_colors_info=\u00a0\u00bb{}\u00a0\u00bb][et_pb_image src=\u00a0\u00bbhttps:\/\/fondation-os.fr\/os-ouest\/APIV\/wp-content\/uploads\/2023\/02\/IMG_0261-scaled.jpg\u00a0\u00bb alt=\u00a0\u00bbTh\u00e9r\u00e8se MASSON\u00a0\u00bb title_text=\u00a0\u00bbTh\u00e9r\u00e8se MASSON\u00a0\u00bb _builder_version=\u00a0\u00bb4.20.4&Prime; _module_preset=\u00a0\u00bbdefault\u00a0\u00bb max_height=\u00a0\u00bb400px\u00a0\u00bb custom_padding=\u00a0\u00bb|30px|||false|false\u00a0\u00bb border_radii=\u00a0\u00bboff||||\u00a0\u00bb global_colors_info=\u00a0\u00bb{}\u00a0\u00bb][\/et_pb_image][\/et_pb_column][et_pb_column type=\u00a0\u00bb1_2&Prime; _builder_version=\u00a0\u00bb4.20.4&Prime; _module_preset=\u00a0\u00bbdefault\u00a0\u00bb global_colors_info=\u00a0\u00bb{}\u00a0\u00bb][et_pb_text _builder_version=\u00a0\u00bb4.27.4&Prime; _module_preset=\u00a0\u00bbdefault\u00a0\u00bb text_font=\u00a0\u00bb|600|||||||\u00a0\u00bb text_text_color=\u00a0\u00bb#35455B\u00a0\u00bb header_font=\u00a0\u00bb|600|||||||\u00a0\u00bb header_2_font=\u00a0\u00bb|600|||||||\u00a0\u00bb header_2_text_color=\u00a0\u00bb#35455B\u00a0\u00bb header_2_font_size=\u00a0\u00bb25px\u00a0\u00bb hover_enabled=\u00a0\u00bb0&Prime; global_colors_info=\u00a0\u00bb{}\u00a0\u00bb header_text_color=\u00a0\u00bb#35455B\u00a0\u00bb sticky_enabled=\u00a0\u00bb0&Prime;]<\/p>\n<h2>Quand nous rencontrer \u00e0 Vitr\u00e9 ?<\/h2>\n<p>&nbsp;<\/p>\n<p>Tous les derniers mardis du mois de 14H \u00e0 16H<br \/>(\u00c0 partir du mois de septembre 2023).<br \/>Pendant les vacances scolaires, le cr\u00e9neau pourait \u00eatre d\u00e9cal\u00e9.<\/p>\n<p>[\/et_pb_text][et_pb_text _builder_version=\u00a0\u00bb4.27.4&Prime; _module_preset=\u00a0\u00bbdefault\u00a0\u00bb header_font=\u00a0\u00bb|600|||||||\u00a0\u00bb header_2_font=\u00a0\u00bb|600|||||||\u00a0\u00bb header_2_text_color=\u00a0\u00bb#35455B\u00a0\u00bb header_2_font_size=\u00a0\u00bb25px\u00a0\u00bb hover_enabled=\u00a0\u00bb0&Prime; global_colors_info=\u00a0\u00bb{}\u00a0\u00bb header_text_color=\u00a0\u00bb#35455B\u00a0\u00bb text_text_color=\u00a0\u00bb#35455B\u00a0\u00bb sticky_enabled=\u00a0\u00bb0&Prime;]<\/p>\n<h2>Notre prochain rendez-vous :<\/h2>\n<p>[\/et_pb_text][decm_event_display event_selection=\u00a0\u00bbcustom_event\u00a0\u00bb included_categories=\u00a0\u00bb52&Prime; show_recurring_events=\u00a0\u00bboff\u00a0\u00bb show_feature_image=\u00a0\u00bboff\u00a0\u00bb show_title=\u00a0\u00bboff\u00a0\u00bb date_format=\u00a0\u00bbj M Y\u00a0\u00bb show_venue=\u00a0\u00bboff\u00a0\u00bb show_name=\u00a0\u00bboff\u00a0\u00bb show_price=\u00a0\u00bboff\u00a0\u00bb show_category=\u00a0\u00bboff\u00a0\u00bb show_weburl=\u00a0\u00bboff\u00a0\u00bb show_excerpt=\u00a0\u00bboff\u00a0\u00bb show_detail=\u00a0\u00bboff\u00a0\u00bb event_count=\u00a0\u00bb1&Prime; result_message=\u00a0\u00bbPas de rencontre  planifi\u00e9e \u00e0 venir&#8230;\u00a0\u00bb layout=\u00a0\u00bblist\u00a0\u00bb list_layout=\u00a0\u00bbleftimage_rightdetail\u00a0\u00bb show_event_month_heading=\u00a0\u00bboff\u00a0\u00bb open_toggle_background_color=\u00a0\u00bbRGBA(255,255,255,0)\u00a0\u00bb details_background_color=\u00a0\u00bbRGBA(255,255,255,0)\u00a0\u00bb details_icon_color=\u00a0\u00bb#FFFFFF\u00a0\u00bb stack_label_icon=\u00a0\u00bbon\u00a0\u00bb whole_event_clickable=\u00a0\u00bbon\u00a0\u00bb _builder_version=\u00a0\u00bb4.27.4&Prime; _module_preset=\u00a0\u00bbdefault\u00a0\u00bb title_text_color=\u00a0\u00bb#006837&Prime; duration_font=\u00a0\u00bb|600|||||||\u00a0\u00bb duration_text_color=\u00a0\u00bb#006837&Prime; duration_labels_text_color=\u00a0\u00bb#FFFFFF\u00a0\u00bb results_message_font=\u00a0\u00bb|600|||||||\u00a0\u00bb results_message_text_color=\u00a0\u00bb#35455B\u00a0\u00bb custom_margin=\u00a0\u00bb-30px||||false|false\u00a0\u00bb custom_padding=\u00a0\u00bb0px|||20px|false|false\u00a0\u00bb hover_enabled=\u00a0\u00bb0&Prime; border_radii=\u00a0\u00bbon|5px|5px|5px|5px\u00a0\u00bb border_width_all=\u00a0\u00bb0px\u00a0\u00bb border_color_all=\u00a0\u00bb#FFFFFF\u00a0\u00bb border_color_all_details_border=\u00a0\u00bbRGBA(255,255,255,0)\u00a0\u00bb locked=\u00a0\u00bboff\u00a0\u00bb global_colors_info=\u00a0\u00bb{}\u00a0\u00bb sticky_enabled=\u00a0\u00bb0&Prime;][\/decm_event_display][\/et_pb_column][\/et_pb_row][et_pb_row column_structure=\u00a0\u00bb2_5,3_5&Prime; _builder_version=\u00a0\u00bb4.27.4&Prime; _module_preset=\u00a0\u00bbdefault\u00a0\u00bb background_color=\u00a0\u00bb#FFFFFF\u00a0\u00bb hover_enabled=\u00a0\u00bb0&Prime; border_radii=\u00a0\u00bbon|10px|10px|10px|10px\u00a0\u00bb border_width_all=\u00a0\u00bb5px\u00a0\u00bb border_color_all=\u00a0\u00bb#35455B\u00a0\u00bb box_shadow_style=\u00a0\u00bbpreset1&Prime; global_colors_info=\u00a0\u00bb{}\u00a0\u00bb sticky_enabled=\u00a0\u00bb0&Prime;][et_pb_column type=\u00a0\u00bb2_5&Prime; _builder_version=\u00a0\u00bb4.19.1&Prime; _module_preset=\u00a0\u00bbdefault\u00a0\u00bb global_colors_info=\u00a0\u00bb{}\u00a0\u00bb][et_pb_text _builder_version=\u00a0\u00bb4.27.4&Prime; _module_preset=\u00a0\u00bbdefault\u00a0\u00bb text_text_color=\u00a0\u00bb#35455B\u00a0\u00bb header_2_font=\u00a0\u00bb|600|||||||\u00a0\u00bb header_2_text_color=\u00a0\u00bb#35455B\u00a0\u00bb header_2_font_size=\u00a0\u00bb25px\u00a0\u00bb custom_padding=\u00a0\u00bb|||20px|false|false\u00a0\u00bb hover_enabled=\u00a0\u00bb0&Prime; border_color_right=\u00a0\u00bb#FF0000&Prime; locked=\u00a0\u00bboff\u00a0\u00bb global_colors_info=\u00a0\u00bb{}\u00a0\u00bb header_text_color=\u00a0\u00bb#35455B\u00a0\u00bb sticky_enabled=\u00a0\u00bb0&Prime;]<\/p>\n<h2>O\u00f9 nous rencontrer \u00e0 Vitr\u00e9 ?<\/h2>\n<h2><\/h2>\n<p><strong>Centre Jacques Boyer<\/strong><br \/><strong>27 Rue Notre-Dame<\/strong><br \/><strong>35500 VITR\u00c9<\/strong><\/p>\n<p>[\/et_pb_text][et_pb_image src=\u00a0\u00bbhttps:\/\/fondation-os.fr\/os-ouest\/APIV\/wp-content\/uploads\/2023\/04\/Centre-Jacques-Boyer-Vitre.jpg\u00a0\u00bb title_text=\u00a0\u00bbCentre Jacques Boyer, Vitr\u00e9\u00a0\u00bb _builder_version=\u00a0\u00bb4.20.4&Prime; _module_preset=\u00a0\u00bbdefault\u00a0\u00bb custom_margin=\u00a0\u00bb|20px||20px|false|true\u00a0\u00bb custom_padding=\u00a0\u00bb||||false|true\u00a0\u00bb border_radii=\u00a0\u00bbon|5px|5px|5px|5px\u00a0\u00bb border_color_all=\u00a0\u00bb#FFADB7&Prime; box_shadow_style=\u00a0\u00bbpreset1&Prime; global_colors_info=\u00a0\u00bb{}\u00a0\u00bb][\/et_pb_image][\/et_pb_column][et_pb_column type=\u00a0\u00bb3_5&Prime; _builder_version=\u00a0\u00bb4.19.1&Prime; _module_preset=\u00a0\u00bbdefault\u00a0\u00bb global_colors_info=\u00a0\u00bb{}\u00a0\u00bb][et_pb_code _builder_version=\u00a0\u00bb4.20.4&Prime; _module_preset=\u00a0\u00bbdefault\u00a0\u00bb custom_margin=\u00a0\u00bb|20px||20px|false|true\u00a0\u00bb custom_padding=\u00a0\u00bb||||false|true\u00a0\u00bb border_radii=\u00a0\u00bbon|5px|5px|5px|5px\u00a0\u00bb border_color_all=\u00a0\u00bb#FFADB7&Prime; box_shadow_style=\u00a0\u00bbpreset1&Prime; global_colors_info=\u00a0\u00bb{}\u00a0\u00bb]<style type=\"text\/css\" id=\"umsMapStyles_5_18959\">\r\n    #ultimate_maps_5_18959 {\r\n        width: 100%;\r\n        height: 500px;\r\n                border: 0px solid ;\r\n        margin: 0px;\r\n    }\r\n    #mapsControlsNum_5_18959 {\r\n        width:100%    }\r\n    .umsMapDetailsContainer#umsMapDetailsContainer_5_18959 {\r\n        height:500px;\r\n    }\r\n    .ums_MapPreview#ultimate_maps_5_18959 {\r\n        \/*position:absolute;*\/\r\n        width:100%;\r\n    }\r\n    #mapConElem_5_18959{\r\n        width:100%    }\r\n    <\/style><div class=\"ums_map_opts\" id=\"mapConElem_5_18959\" data-id=\"5\" data-view-id=\"5_18959\" > <div class=\"umsMapDetailsContainer\" id=\"umsMapDetailsContainer_5_18959\"> <i class=\"umsKMLLayersPreloader fa fa-spinner fa-spin\" aria-hidden=\"true\" style=\"display: none;\"><\/i> <div class=\"ums_MapPreview \" id=\"ultimate_maps_5_18959\"><\/div> <\/div> <div class=\"umsMapMarkerFilters\" id=\"umsMapMarkerFilters_5_18959\"> <\/div> <div class=\"umsMapProControlsCon\" id=\"umsMapProControlsCon_5_18959\"> <a title=\"Google Map Plugin\" style=\"display:none;\" href=\"https:\/\/supsystic.com\/plugins\/google-maps-plugin\/?utm_medium=love_link_hide\" target=\"_blank\">Google Map Plugin<\/a><div style=\"clear: both;\"><\/div> <\/div> <div class=\"umsMapProDirectionsCon\" id=\"umsMapProDirectionsCon_5_18959\" > <\/div> <div class=\"umsMapProKmlFilterCon\" id=\"umsMapProKmlFilterCon_5_18959\" > <\/div> <div class=\"umsSocialSharingShell umsSocialSharingShell_5_18959\"> <\/div> <div style=\"clear: both;\"><\/div> <\/div>[\/et_pb_code][\/et_pb_column][\/et_pb_row][\/et_pb_section]<\/p>\n","protected":false},"excerpt":{"rendered":"<p>Point Rencontre de Vitr\u00e9\u00a0Votre contact \u00e0 Vitr\u00e9 &nbsp; Th\u00e9r\u00e8se MASSONT\u00e9l. : 06 63 20 02 33 Quand nous rencontrer \u00e0 Vitr\u00e9 ? &nbsp; Tous les derniers mardis du mois de [&hellip;]<\/p>\n","protected":false},"author":4,"featured_media":0,"parent":2972,"menu_order":0,"comment_status":"closed","ping_status":"closed","template":"","meta":{"_acf_changed":false,"_et_pb_use_builder":"on","_et_pb_old_content":"","_et_gb_content_width":"","footnotes":""},"class_list":["post-1639","page","type-page","status-publish","hentry"],"acf":[],"yoast_head":"<!-- This site is optimized with the Yoast SEO plugin v27.4 - https:\/\/yoast.com\/product\/yoast-seo-wordpress\/ -->\n<title>PR Vitr\u00e9 - Graine de Courage, Sourire pour Parkinson<\/title>\n<meta name=\"description\" content=\"APIV (Association de parkinsoniens d&#039;Ille et Vilaine) - Point Rencontre de Vitr\u00e9. Contact : Th\u00e9r\u00e8se MASSON\" \/>\n<meta name=\"robots\" content=\"index, follow, max-snippet:-1, max-image-preview:large, max-video-preview:-1\" \/>\n<link rel=\"canonical\" href=\"https:\/\/fondation-os.fr\/os-ouest\/APIV\/points-rencontre\/pr-vitre\/\" \/>\n<meta property=\"og:locale\" content=\"fr_FR\" \/>\n<meta property=\"og:type\" content=\"article\" \/>\n<meta property=\"og:title\" content=\"PR Vitr\u00e9 - Graine de Courage, Sourire pour Parkinson\" \/>\n<meta property=\"og:description\" content=\"APIV (Association de parkinsoniens d&#039;Ille et Vilaine) - Point Rencontre de Vitr\u00e9. Contact : Th\u00e9r\u00e8se MASSON\" \/>\n<meta property=\"og:url\" content=\"https:\/\/fondation-os.fr\/os-ouest\/APIV\/points-rencontre\/pr-vitre\/\" \/>\n<meta property=\"og:site_name\" content=\"Graine de Courage, Sourire pour Parkinson\" \/>\n<meta property=\"article:modified_time\" content=\"2024-12-27T15:08:32+00:00\" \/>\n<meta name=\"twitter:card\" content=\"summary_large_image\" \/>\n<meta name=\"twitter:label1\" content=\"Dur\u00e9e de lecture estim\u00e9e\" \/>\n\t<meta name=\"twitter:data1\" content=\"2 minutes\" \/>\n<script type=\"application\/ld+json\" class=\"yoast-schema-graph\">{\"@context\":\"https:\\\/\\\/schema.org\",\"@graph\":[{\"@type\":\"WebPage\",\"@id\":\"https:\\\/\\\/fondation-os.fr\\\/os-ouest\\\/APIV\\\/points-rencontre\\\/pr-vitre\\\/\",\"url\":\"https:\\\/\\\/fondation-os.fr\\\/os-ouest\\\/APIV\\\/points-rencontre\\\/pr-vitre\\\/\",\"name\":\"PR Vitr\u00e9 - Graine de Courage, Sourire pour Parkinson\",\"isPartOf\":{\"@id\":\"https:\\\/\\\/fondation-os.fr\\\/os-ouest\\\/APIV\\\/#website\"},\"datePublished\":\"2023-01-31T15:25:12+00:00\",\"dateModified\":\"2024-12-27T15:08:32+00:00\",\"description\":\"APIV (Association de parkinsoniens d'Ille et Vilaine) - Point Rencontre de Vitr\u00e9. Contact : Th\u00e9r\u00e8se MASSON\",\"breadcrumb\":{\"@id\":\"https:\\\/\\\/fondation-os.fr\\\/os-ouest\\\/APIV\\\/points-rencontre\\\/pr-vitre\\\/#breadcrumb\"},\"inLanguage\":\"fr-FR\",\"potentialAction\":[{\"@type\":\"ReadAction\",\"target\":[\"https:\\\/\\\/fondation-os.fr\\\/os-ouest\\\/APIV\\\/points-rencontre\\\/pr-vitre\\\/\"]}]},{\"@type\":\"BreadcrumbList\",\"@id\":\"https:\\\/\\\/fondation-os.fr\\\/os-ouest\\\/APIV\\\/points-rencontre\\\/pr-vitre\\\/#breadcrumb\",\"itemListElement\":[{\"@type\":\"ListItem\",\"position\":1,\"name\":\"Accueil\",\"item\":\"https:\\\/\\\/fondation-os.fr\\\/os-ouest\\\/APIV\\\/\"},{\"@type\":\"ListItem\",\"position\":2,\"name\":\"Points Rencontre\",\"item\":\"https:\\\/\\\/fondation-os.fr\\\/os-ouest\\\/APIV\\\/points-rencontre\\\/\"},{\"@type\":\"ListItem\",\"position\":3,\"name\":\"PR Vitr\u00e9\"}]},{\"@type\":\"WebSite\",\"@id\":\"https:\\\/\\\/fondation-os.fr\\\/os-ouest\\\/APIV\\\/#website\",\"url\":\"https:\\\/\\\/fondation-os.fr\\\/os-ouest\\\/APIV\\\/\",\"name\":\"Graine de Courage, Sourire pour Parkinson\",\"description\":\"Graine de Courage, Sourire pour Parkinson\",\"publisher\":{\"@id\":\"https:\\\/\\\/fondation-os.fr\\\/os-ouest\\\/APIV\\\/#organization\"},\"potentialAction\":[{\"@type\":\"SearchAction\",\"target\":{\"@type\":\"EntryPoint\",\"urlTemplate\":\"https:\\\/\\\/fondation-os.fr\\\/os-ouest\\\/APIV\\\/?s={search_term_string}\"},\"query-input\":{\"@type\":\"PropertyValueSpecification\",\"valueRequired\":true,\"valueName\":\"search_term_string\"}}],\"inLanguage\":\"fr-FR\"},{\"@type\":\"Organization\",\"@id\":\"https:\\\/\\\/fondation-os.fr\\\/os-ouest\\\/APIV\\\/#organization\",\"name\":\"Graine de Courage, Sourire pour Parkinson\",\"url\":\"https:\\\/\\\/fondation-os.fr\\\/os-ouest\\\/APIV\\\/\",\"logo\":{\"@type\":\"ImageObject\",\"inLanguage\":\"fr-FR\",\"@id\":\"https:\\\/\\\/fondation-os.fr\\\/os-ouest\\\/APIV\\\/#\\\/schema\\\/logo\\\/image\\\/\",\"url\":\"https:\\\/\\\/fondation-os.fr\\\/os-ouest\\\/APIV\\\/wp-content\\\/uploads\\\/2022\\\/11\\\/Logo_APIV_Carre.png\",\"contentUrl\":\"https:\\\/\\\/fondation-os.fr\\\/os-ouest\\\/APIV\\\/wp-content\\\/uploads\\\/2022\\\/11\\\/Logo_APIV_Carre.png\",\"width\":285,\"height\":287,\"caption\":\"Graine de Courage, Sourire pour Parkinson\"},\"image\":{\"@id\":\"https:\\\/\\\/fondation-os.fr\\\/os-ouest\\\/APIV\\\/#\\\/schema\\\/logo\\\/image\\\/\"}}]}<\/script>\n<!-- \/ Yoast SEO plugin. -->","yoast_head_json":{"title":"PR Vitr\u00e9 - Graine de Courage, Sourire pour Parkinson","description":"APIV (Association de parkinsoniens d'Ille et Vilaine) - Point Rencontre de Vitr\u00e9. Contact : Th\u00e9r\u00e8se MASSON","robots":{"index":"index","follow":"follow","max-snippet":"max-snippet:-1","max-image-preview":"max-image-preview:large","max-video-preview":"max-video-preview:-1"},"canonical":"https:\/\/fondation-os.fr\/os-ouest\/APIV\/points-rencontre\/pr-vitre\/","og_locale":"fr_FR","og_type":"article","og_title":"PR Vitr\u00e9 - Graine de Courage, Sourire pour Parkinson","og_description":"APIV (Association de parkinsoniens d'Ille et Vilaine) - Point Rencontre de Vitr\u00e9. Contact : Th\u00e9r\u00e8se MASSON","og_url":"https:\/\/fondation-os.fr\/os-ouest\/APIV\/points-rencontre\/pr-vitre\/","og_site_name":"Graine de Courage, Sourire pour Parkinson","article_modified_time":"2024-12-27T15:08:32+00:00","twitter_card":"summary_large_image","twitter_misc":{"Dur\u00e9e de lecture estim\u00e9e":"2 minutes"},"schema":{"@context":"https:\/\/schema.org","@graph":[{"@type":"WebPage","@id":"https:\/\/fondation-os.fr\/os-ouest\/APIV\/points-rencontre\/pr-vitre\/","url":"https:\/\/fondation-os.fr\/os-ouest\/APIV\/points-rencontre\/pr-vitre\/","name":"PR Vitr\u00e9 - Graine de Courage, Sourire pour Parkinson","isPartOf":{"@id":"https:\/\/fondation-os.fr\/os-ouest\/APIV\/#website"},"datePublished":"2023-01-31T15:25:12+00:00","dateModified":"2024-12-27T15:08:32+00:00","description":"APIV (Association de parkinsoniens d'Ille et Vilaine) - Point Rencontre de Vitr\u00e9. Contact : Th\u00e9r\u00e8se MASSON","breadcrumb":{"@id":"https:\/\/fondation-os.fr\/os-ouest\/APIV\/points-rencontre\/pr-vitre\/#breadcrumb"},"inLanguage":"fr-FR","potentialAction":[{"@type":"ReadAction","target":["https:\/\/fondation-os.fr\/os-ouest\/APIV\/points-rencontre\/pr-vitre\/"]}]},{"@type":"BreadcrumbList","@id":"https:\/\/fondation-os.fr\/os-ouest\/APIV\/points-rencontre\/pr-vitre\/#breadcrumb","itemListElement":[{"@type":"ListItem","position":1,"name":"Accueil","item":"https:\/\/fondation-os.fr\/os-ouest\/APIV\/"},{"@type":"ListItem","position":2,"name":"Points Rencontre","item":"https:\/\/fondation-os.fr\/os-ouest\/APIV\/points-rencontre\/"},{"@type":"ListItem","position":3,"name":"PR Vitr\u00e9"}]},{"@type":"WebSite","@id":"https:\/\/fondation-os.fr\/os-ouest\/APIV\/#website","url":"https:\/\/fondation-os.fr\/os-ouest\/APIV\/","name":"Graine de Courage, Sourire pour Parkinson","description":"Graine de Courage, Sourire pour Parkinson","publisher":{"@id":"https:\/\/fondation-os.fr\/os-ouest\/APIV\/#organization"},"potentialAction":[{"@type":"SearchAction","target":{"@type":"EntryPoint","urlTemplate":"https:\/\/fondation-os.fr\/os-ouest\/APIV\/?s={search_term_string}"},"query-input":{"@type":"PropertyValueSpecification","valueRequired":true,"valueName":"search_term_string"}}],"inLanguage":"fr-FR"},{"@type":"Organization","@id":"https:\/\/fondation-os.fr\/os-ouest\/APIV\/#organization","name":"Graine de Courage, Sourire pour Parkinson","url":"https:\/\/fondation-os.fr\/os-ouest\/APIV\/","logo":{"@type":"ImageObject","inLanguage":"fr-FR","@id":"https:\/\/fondation-os.fr\/os-ouest\/APIV\/#\/schema\/logo\/image\/","url":"https:\/\/fondation-os.fr\/os-ouest\/APIV\/wp-content\/uploads\/2022\/11\/Logo_APIV_Carre.png","contentUrl":"https:\/\/fondation-os.fr\/os-ouest\/APIV\/wp-content\/uploads\/2022\/11\/Logo_APIV_Carre.png","width":285,"height":287,"caption":"Graine de Courage, Sourire pour Parkinson"},"image":{"@id":"https:\/\/fondation-os.fr\/os-ouest\/APIV\/#\/schema\/logo\/image\/"}}]}},"_links":{"self":[{"href":"https:\/\/fondation-os.fr\/os-ouest\/APIV\/wp-json\/wp\/v2\/pages\/1639","targetHints":{"allow":["GET"]}}],"collection":[{"href":"https:\/\/fondation-os.fr\/os-ouest\/APIV\/wp-json\/wp\/v2\/pages"}],"about":[{"href":"https:\/\/fondation-os.fr\/os-ouest\/APIV\/wp-json\/wp\/v2\/types\/page"}],"author":[{"embeddable":true,"href":"https:\/\/fondation-os.fr\/os-ouest\/APIV\/wp-json\/wp\/v2\/users\/4"}],"replies":[{"embeddable":true,"href":"https:\/\/fondation-os.fr\/os-ouest\/APIV\/wp-json\/wp\/v2\/comments?post=1639"}],"version-history":[{"count":16,"href":"https:\/\/fondation-os.fr\/os-ouest\/APIV\/wp-json\/wp\/v2\/pages\/1639\/revisions"}],"predecessor-version":[{"id":5757,"href":"https:\/\/fondation-os.fr\/os-ouest\/APIV\/wp-json\/wp\/v2\/pages\/1639\/revisions\/5757"}],"up":[{"embeddable":true,"href":"https:\/\/fondation-os.fr\/os-ouest\/APIV\/wp-json\/wp\/v2\/pages\/2972"}],"wp:attachment":[{"href":"https:\/\/fondation-os.fr\/os-ouest\/APIV\/wp-json\/wp\/v2\/media?parent=1639"}],"curies":[{"name":"wp","href":"https:\/\/api.w.org\/{rel}","templated":true}]}}