{"id":150,"date":"2022-10-11T14:07:49","date_gmt":"2022-10-11T12:07:49","guid":{"rendered":"https:\/\/fondation-os.fr\/os-ouest\/APIV\/?page_id=150"},"modified":"2024-12-27T15:29:29","modified_gmt":"2024-12-27T14:29:29","slug":"maison-de-sante-de-vern-sur-seiche","status":"publish","type":"page","link":"https:\/\/fondation-os.fr\/os-ouest\/APIV\/partenaires\/maison-de-sante-de-vern-sur-seiche\/","title":{"rendered":"Maison de sant\u00e9 de Vern-sur-Seiche"},"content":{"rendered":"<p>[et_pb_section fb_built=\u00a0\u00bb1&Prime; _builder_version=\u00a0\u00bb4.27.4&Prime; _module_preset=\u00a0\u00bbdefault\u00a0\u00bb background_color=\u00a0\u00bb#9BB8D3&Prime; top_divider_style=\u00a0\u00bbslant2&Prime; top_divider_color=\u00a0\u00bb#35455B\u00a0\u00bb top_divider_height=\u00a0\u00bb75px\u00a0\u00bb bottom_divider_style=\u00a0\u00bbramp2&Prime; bottom_divider_color=\u00a0\u00bb#35455B\u00a0\u00bb hover_enabled=\u00a0\u00bb0&Prime; global_colors_info=\u00a0\u00bb{}\u00a0\u00bb sticky_enabled=\u00a0\u00bb0&Prime;][et_pb_row _builder_version=\u00a0\u00bb4.27.4&Prime; _module_preset=\u00a0\u00bbdefault\u00a0\u00bb hover_enabled=\u00a0\u00bb0&Prime; global_colors_info=\u00a0\u00bb{}\u00a0\u00bb sticky_enabled=\u00a0\u00bb0&Prime;][et_pb_column type=\u00a0\u00bb4_4&Prime; _builder_version=\u00a0\u00bb4.18.0&Prime; _module_preset=\u00a0\u00bbdefault\u00a0\u00bb global_colors_info=\u00a0\u00bb{}\u00a0\u00bb][et_pb_text _builder_version=\u00a0\u00bb4.27.4&Prime; _module_preset=\u00a0\u00bbdefault\u00a0\u00bb text_font=\u00a0\u00bb|600|||||||\u00a0\u00bb header_font=\u00a0\u00bb|600|||||||\u00a0\u00bb header_text_color=\u00a0\u00bb#35455B\u00a0\u00bb hover_enabled=\u00a0\u00bb0&Prime; global_colors_info=\u00a0\u00bb{}\u00a0\u00bb sticky_enabled=\u00a0\u00bb0&Prime;]<\/p>\n<h1>La maison de sant\u00e9 de Vern-sur-Seiche<\/h1>\n<p>&nbsp;<\/p>\n<p>Depuis 2019, l&rsquo;APIV collabore avec la Maison de sant\u00e9 de Vern-sur-Seiche .<\/p>\n<p>A l&rsquo;initiative, une neurologue et un m\u00e9decin g\u00e9n\u00e9raliste, entour\u00e9s d&rsquo;une \u00e9quipe de professionnels int\u00e9ress\u00e9s par ce projet.<br \/>L&rsquo;objectif est commun, celui d&rsquo;apporter aux personnes frapp\u00e9es par la maladie un soutien.<\/p>\n<p>Pour se faire, la Maison de sant\u00e9 a mis en place trois ateliers financ\u00e9s par l&rsquo;ARS et qui sont coordonn\u00e9s par une infirmi\u00e8re musico-th\u00e9rapeute. Ces ateliers sont l&rsquo;occasion pour les malades de faire travailler leur corps et leur voix mais aussi de se relaxer en toute s\u00e9r\u00e9nit\u00e9. Ils viennent compl\u00e9ter les traditionnelles s\u00e9ances de kin\u00e9sith\u00e9rapie et d&rsquo;orthophonie.<\/p>\n<p>[\/et_pb_text][\/et_pb_column][\/et_pb_row][et_pb_row column_structure=\u00a0\u00bb1_2,1_2&Prime; _builder_version=\u00a0\u00bb4.18.0&Prime; _module_preset=\u00a0\u00bbdefault\u00a0\u00bb global_colors_info=\u00a0\u00bb{}\u00a0\u00bb][et_pb_column type=\u00a0\u00bb1_2&Prime; _builder_version=\u00a0\u00bb4.18.0&Prime; _module_preset=\u00a0\u00bbdefault\u00a0\u00bb global_colors_info=\u00a0\u00bb{}\u00a0\u00bb][et_pb_text _builder_version=\u00a0\u00bb4.21.0&Prime; _module_preset=\u00a0\u00bbdefault\u00a0\u00bb text_font=\u00a0\u00bb|600|||||||\u00a0\u00bb global_colors_info=\u00a0\u00bb{}\u00a0\u00bb]<\/p>\n<p>Adresse : 2 Rue Fran\u00e7ois Rabelais<br \/>35770 Vern-sur-Seiche<\/p>\n<p>T\u00e9l\u00e9phone : <span class=\"wp-editor-content\">02 99 62 71 47<\/span><a href=\"https:\/\/www.doctolib.fr\/centre-de-sante\/vern-sur-seiche\/maison-de-sante-de-vern-sur-seiche\" target=\"_blank\" rel=\"noopener\"><\/a><\/p>\n<p><span class=\"wp-editor-content\"><\/span><\/p>\n<p><a href=\"https:\/\/msp-vernsurseiche.site-sante.fr\/\" target=\"_blank\" rel=\"noopener\" title=\"Site internet de la MSP de Vern-sur-Seiche\">Site internet de la MSP de Vern-sur-Seiche<\/a><\/p>\n<p>[\/et_pb_text][et_pb_image src=\u00a0\u00bbhttps:\/\/fondation-os.fr\/os-ouest\/APIV\/wp-content\/uploads\/2022\/12\/Maison-de-sante-Vern.jpg\u00a0\u00bb title_text=\u00a0\u00bbMaison de sant\u00e9 &#8211; Vern\u00a0\u00bb _builder_version=\u00a0\u00bb4.19.2&Prime; _module_preset=\u00a0\u00bbdefault\u00a0\u00bb global_colors_info=\u00a0\u00bb{}\u00a0\u00bb][\/et_pb_image][\/et_pb_column][et_pb_column type=\u00a0\u00bb1_2&Prime; _builder_version=\u00a0\u00bb4.18.0&Prime; _module_preset=\u00a0\u00bbdefault\u00a0\u00bb global_colors_info=\u00a0\u00bb{}\u00a0\u00bb][et_pb_code _builder_version=\u00a0\u00bb4.19.2&Prime; _module_preset=\u00a0\u00bbdefault\u00a0\u00bb global_colors_info=\u00a0\u00bb{}\u00a0\u00bb]<style type=\"text\/css\" id=\"umsMapStyles_6_37855\">\r\n    #ultimate_maps_6_37855 {\r\n        width: 500px;\r\n        height: 500px;\r\n                border: 0px solid ;\r\n        margin: 0px;\r\n    }\r\n    #mapsControlsNum_6_37855 {\r\n        width:500px    }\r\n    .umsMapDetailsContainer#umsMapDetailsContainer_6_37855 {\r\n        height:500px;\r\n    }\r\n    .ums_MapPreview#ultimate_maps_6_37855 {\r\n        \/*position:absolute;*\/\r\n        width:100%;\r\n    }\r\n    #mapConElem_6_37855{\r\n        width:500px    }\r\n    <\/style><div class=\"ums_map_opts\" id=\"mapConElem_6_37855\" data-id=\"6\" data-view-id=\"6_37855\" > <div class=\"umsMapDetailsContainer\" id=\"umsMapDetailsContainer_6_37855\"> <i class=\"umsKMLLayersPreloader fa fa-spinner fa-spin\" aria-hidden=\"true\" style=\"display: none;\"><\/i> <div class=\"ums_MapPreview \" id=\"ultimate_maps_6_37855\"><\/div> <\/div> <div class=\"umsMapMarkerFilters\" id=\"umsMapMarkerFilters_6_37855\"> <\/div> <div class=\"umsMapProControlsCon\" id=\"umsMapProControlsCon_6_37855\"> <a title=\"Google Map Plugin\" style=\"display:none;\" href=\"https:\/\/supsystic.com\/plugins\/google-maps-plugin\/?utm_medium=love_link_hide\" target=\"_blank\">Google Map Plugin<\/a><div style=\"clear: both;\"><\/div> <\/div> <div class=\"umsMapProDirectionsCon\" id=\"umsMapProDirectionsCon_6_37855\" > <\/div> <div class=\"umsMapProKmlFilterCon\" id=\"umsMapProKmlFilterCon_6_37855\" > <\/div> <div class=\"umsSocialSharingShell umsSocialSharingShell_6_37855\"> <\/div> <div style=\"clear: both;\"><\/div> <\/div>[\/et_pb_code][\/et_pb_column][\/et_pb_row][\/et_pb_section]<\/p>\n","protected":false},"excerpt":{"rendered":"<p>La maison de sant\u00e9 de Vern-sur-Seiche &nbsp; Depuis 2019, l&rsquo;APIV collabore avec la Maison de sant\u00e9 de Vern-sur-Seiche . A l&rsquo;initiative, une neurologue et un m\u00e9decin g\u00e9n\u00e9raliste, entour\u00e9s d&rsquo;une \u00e9quipe [&hellip;]<\/p>\n","protected":false},"author":1,"featured_media":0,"parent":70,"menu_order":0,"comment_status":"closed","ping_status":"closed","template":"","meta":{"_acf_changed":false,"_et_pb_use_builder":"on","_et_pb_old_content":"","_et_gb_content_width":"","footnotes":""},"class_list":["post-150","page","type-page","status-publish","hentry"],"acf":[],"yoast_head":"<!-- This site is optimized with the Yoast SEO plugin v27.4 - https:\/\/yoast.com\/product\/yoast-seo-wordpress\/ -->\n<title>Maison de sant\u00e9 de Vern-sur-Seiche - Graine de Courage, Sourire pour Parkinson<\/title>\n<meta name=\"description\" content=\"Depuis 2019, l\u2019APIV (Association de parkinsoniens d&#039;Ill et Vilaine) collabore avec la Maison de sant\u00e9 de Vern-sur-Seiche.\" \/>\n<meta name=\"robots\" content=\"index, follow, max-snippet:-1, max-image-preview:large, max-video-preview:-1\" \/>\n<link rel=\"canonical\" href=\"https:\/\/fondation-os.fr\/os-ouest\/APIV\/partenaires\/maison-de-sante-de-vern-sur-seiche\/\" \/>\n<meta property=\"og:locale\" content=\"fr_FR\" \/>\n<meta property=\"og:type\" content=\"article\" \/>\n<meta property=\"og:title\" content=\"Maison de sant\u00e9 de Vern-sur-Seiche - Graine de Courage, Sourire pour Parkinson\" \/>\n<meta property=\"og:description\" content=\"Depuis 2019, l\u2019APIV (Association de parkinsoniens d&#039;Ill et Vilaine) collabore avec la Maison de sant\u00e9 de Vern-sur-Seiche.\" \/>\n<meta property=\"og:url\" content=\"https:\/\/fondation-os.fr\/os-ouest\/APIV\/partenaires\/maison-de-sante-de-vern-sur-seiche\/\" \/>\n<meta property=\"og:site_name\" content=\"Graine de Courage, Sourire pour Parkinson\" \/>\n<meta property=\"article:modified_time\" content=\"2024-12-27T14:29:29+00:00\" \/>\n<meta name=\"twitter:card\" content=\"summary_large_image\" \/>\n<meta name=\"twitter:label1\" content=\"Dur\u00e9e de lecture estim\u00e9e\" \/>\n\t<meta name=\"twitter:data1\" content=\"1 minute\" \/>\n<script type=\"application\/ld+json\" class=\"yoast-schema-graph\">{\"@context\":\"https:\\\/\\\/schema.org\",\"@graph\":[{\"@type\":\"WebPage\",\"@id\":\"https:\\\/\\\/fondation-os.fr\\\/os-ouest\\\/APIV\\\/partenaires\\\/maison-de-sante-de-vern-sur-seiche\\\/\",\"url\":\"https:\\\/\\\/fondation-os.fr\\\/os-ouest\\\/APIV\\\/partenaires\\\/maison-de-sante-de-vern-sur-seiche\\\/\",\"name\":\"Maison de sant\u00e9 de Vern-sur-Seiche - Graine de Courage, Sourire pour Parkinson\",\"isPartOf\":{\"@id\":\"https:\\\/\\\/fondation-os.fr\\\/os-ouest\\\/APIV\\\/#website\"},\"datePublished\":\"2022-10-11T12:07:49+00:00\",\"dateModified\":\"2024-12-27T14:29:29+00:00\",\"description\":\"Depuis 2019, l\u2019APIV (Association de parkinsoniens d'Ill et Vilaine) collabore avec la Maison de sant\u00e9 de Vern-sur-Seiche.\",\"breadcrumb\":{\"@id\":\"https:\\\/\\\/fondation-os.fr\\\/os-ouest\\\/APIV\\\/partenaires\\\/maison-de-sante-de-vern-sur-seiche\\\/#breadcrumb\"},\"inLanguage\":\"fr-FR\",\"potentialAction\":[{\"@type\":\"ReadAction\",\"target\":[\"https:\\\/\\\/fondation-os.fr\\\/os-ouest\\\/APIV\\\/partenaires\\\/maison-de-sante-de-vern-sur-seiche\\\/\"]}]},{\"@type\":\"BreadcrumbList\",\"@id\":\"https:\\\/\\\/fondation-os.fr\\\/os-ouest\\\/APIV\\\/partenaires\\\/maison-de-sante-de-vern-sur-seiche\\\/#breadcrumb\",\"itemListElement\":[{\"@type\":\"ListItem\",\"position\":1,\"name\":\"Accueil\",\"item\":\"https:\\\/\\\/fondation-os.fr\\\/os-ouest\\\/APIV\\\/\"},{\"@type\":\"ListItem\",\"position\":2,\"name\":\"Partenaires\",\"item\":\"https:\\\/\\\/fondation-os.fr\\\/os-ouest\\\/APIV\\\/partenaires\\\/\"},{\"@type\":\"ListItem\",\"position\":3,\"name\":\"Maison de sant\u00e9 de Vern-sur-Seiche\"}]},{\"@type\":\"WebSite\",\"@id\":\"https:\\\/\\\/fondation-os.fr\\\/os-ouest\\\/APIV\\\/#website\",\"url\":\"https:\\\/\\\/fondation-os.fr\\\/os-ouest\\\/APIV\\\/\",\"name\":\"Graine de Courage, Sourire pour Parkinson\",\"description\":\"Graine de Courage, Sourire pour Parkinson\",\"publisher\":{\"@id\":\"https:\\\/\\\/fondation-os.fr\\\/os-ouest\\\/APIV\\\/#organization\"},\"potentialAction\":[{\"@type\":\"SearchAction\",\"target\":{\"@type\":\"EntryPoint\",\"urlTemplate\":\"https:\\\/\\\/fondation-os.fr\\\/os-ouest\\\/APIV\\\/?s={search_term_string}\"},\"query-input\":{\"@type\":\"PropertyValueSpecification\",\"valueRequired\":true,\"valueName\":\"search_term_string\"}}],\"inLanguage\":\"fr-FR\"},{\"@type\":\"Organization\",\"@id\":\"https:\\\/\\\/fondation-os.fr\\\/os-ouest\\\/APIV\\\/#organization\",\"name\":\"Graine de Courage, Sourire pour Parkinson\",\"url\":\"https:\\\/\\\/fondation-os.fr\\\/os-ouest\\\/APIV\\\/\",\"logo\":{\"@type\":\"ImageObject\",\"inLanguage\":\"fr-FR\",\"@id\":\"https:\\\/\\\/fondation-os.fr\\\/os-ouest\\\/APIV\\\/#\\\/schema\\\/logo\\\/image\\\/\",\"url\":\"https:\\\/\\\/fondation-os.fr\\\/os-ouest\\\/APIV\\\/wp-content\\\/uploads\\\/2022\\\/11\\\/Logo_APIV_Carre.png\",\"contentUrl\":\"https:\\\/\\\/fondation-os.fr\\\/os-ouest\\\/APIV\\\/wp-content\\\/uploads\\\/2022\\\/11\\\/Logo_APIV_Carre.png\",\"width\":285,\"height\":287,\"caption\":\"Graine de Courage, Sourire pour Parkinson\"},\"image\":{\"@id\":\"https:\\\/\\\/fondation-os.fr\\\/os-ouest\\\/APIV\\\/#\\\/schema\\\/logo\\\/image\\\/\"}}]}<\/script>\n<!-- \/ Yoast SEO plugin. -->","yoast_head_json":{"title":"Maison de sant\u00e9 de Vern-sur-Seiche - Graine de Courage, Sourire pour Parkinson","description":"Depuis 2019, l\u2019APIV (Association de parkinsoniens d'Ill et Vilaine) collabore avec la Maison de sant\u00e9 de Vern-sur-Seiche.","robots":{"index":"index","follow":"follow","max-snippet":"max-snippet:-1","max-image-preview":"max-image-preview:large","max-video-preview":"max-video-preview:-1"},"canonical":"https:\/\/fondation-os.fr\/os-ouest\/APIV\/partenaires\/maison-de-sante-de-vern-sur-seiche\/","og_locale":"fr_FR","og_type":"article","og_title":"Maison de sant\u00e9 de Vern-sur-Seiche - Graine de Courage, Sourire pour Parkinson","og_description":"Depuis 2019, l\u2019APIV (Association de parkinsoniens d'Ill et Vilaine) collabore avec la Maison de sant\u00e9 de Vern-sur-Seiche.","og_url":"https:\/\/fondation-os.fr\/os-ouest\/APIV\/partenaires\/maison-de-sante-de-vern-sur-seiche\/","og_site_name":"Graine de Courage, Sourire pour Parkinson","article_modified_time":"2024-12-27T14:29:29+00:00","twitter_card":"summary_large_image","twitter_misc":{"Dur\u00e9e de lecture estim\u00e9e":"1 minute"},"schema":{"@context":"https:\/\/schema.org","@graph":[{"@type":"WebPage","@id":"https:\/\/fondation-os.fr\/os-ouest\/APIV\/partenaires\/maison-de-sante-de-vern-sur-seiche\/","url":"https:\/\/fondation-os.fr\/os-ouest\/APIV\/partenaires\/maison-de-sante-de-vern-sur-seiche\/","name":"Maison de sant\u00e9 de Vern-sur-Seiche - Graine de Courage, Sourire pour Parkinson","isPartOf":{"@id":"https:\/\/fondation-os.fr\/os-ouest\/APIV\/#website"},"datePublished":"2022-10-11T12:07:49+00:00","dateModified":"2024-12-27T14:29:29+00:00","description":"Depuis 2019, l\u2019APIV (Association de parkinsoniens d'Ill et Vilaine) collabore avec la Maison de sant\u00e9 de Vern-sur-Seiche.","breadcrumb":{"@id":"https:\/\/fondation-os.fr\/os-ouest\/APIV\/partenaires\/maison-de-sante-de-vern-sur-seiche\/#breadcrumb"},"inLanguage":"fr-FR","potentialAction":[{"@type":"ReadAction","target":["https:\/\/fondation-os.fr\/os-ouest\/APIV\/partenaires\/maison-de-sante-de-vern-sur-seiche\/"]}]},{"@type":"BreadcrumbList","@id":"https:\/\/fondation-os.fr\/os-ouest\/APIV\/partenaires\/maison-de-sante-de-vern-sur-seiche\/#breadcrumb","itemListElement":[{"@type":"ListItem","position":1,"name":"Accueil","item":"https:\/\/fondation-os.fr\/os-ouest\/APIV\/"},{"@type":"ListItem","position":2,"name":"Partenaires","item":"https:\/\/fondation-os.fr\/os-ouest\/APIV\/partenaires\/"},{"@type":"ListItem","position":3,"name":"Maison de sant\u00e9 de Vern-sur-Seiche"}]},{"@type":"WebSite","@id":"https:\/\/fondation-os.fr\/os-ouest\/APIV\/#website","url":"https:\/\/fondation-os.fr\/os-ouest\/APIV\/","name":"Graine de Courage, Sourire pour Parkinson","description":"Graine de Courage, Sourire pour Parkinson","publisher":{"@id":"https:\/\/fondation-os.fr\/os-ouest\/APIV\/#organization"},"potentialAction":[{"@type":"SearchAction","target":{"@type":"EntryPoint","urlTemplate":"https:\/\/fondation-os.fr\/os-ouest\/APIV\/?s={search_term_string}"},"query-input":{"@type":"PropertyValueSpecification","valueRequired":true,"valueName":"search_term_string"}}],"inLanguage":"fr-FR"},{"@type":"Organization","@id":"https:\/\/fondation-os.fr\/os-ouest\/APIV\/#organization","name":"Graine de Courage, Sourire pour Parkinson","url":"https:\/\/fondation-os.fr\/os-ouest\/APIV\/","logo":{"@type":"ImageObject","inLanguage":"fr-FR","@id":"https:\/\/fondation-os.fr\/os-ouest\/APIV\/#\/schema\/logo\/image\/","url":"https:\/\/fondation-os.fr\/os-ouest\/APIV\/wp-content\/uploads\/2022\/11\/Logo_APIV_Carre.png","contentUrl":"https:\/\/fondation-os.fr\/os-ouest\/APIV\/wp-content\/uploads\/2022\/11\/Logo_APIV_Carre.png","width":285,"height":287,"caption":"Graine de Courage, Sourire pour Parkinson"},"image":{"@id":"https:\/\/fondation-os.fr\/os-ouest\/APIV\/#\/schema\/logo\/image\/"}}]}},"_links":{"self":[{"href":"https:\/\/fondation-os.fr\/os-ouest\/APIV\/wp-json\/wp\/v2\/pages\/150","targetHints":{"allow":["GET"]}}],"collection":[{"href":"https:\/\/fondation-os.fr\/os-ouest\/APIV\/wp-json\/wp\/v2\/pages"}],"about":[{"href":"https:\/\/fondation-os.fr\/os-ouest\/APIV\/wp-json\/wp\/v2\/types\/page"}],"author":[{"embeddable":true,"href":"https:\/\/fondation-os.fr\/os-ouest\/APIV\/wp-json\/wp\/v2\/users\/1"}],"replies":[{"embeddable":true,"href":"https:\/\/fondation-os.fr\/os-ouest\/APIV\/wp-json\/wp\/v2\/comments?post=150"}],"version-history":[{"count":16,"href":"https:\/\/fondation-os.fr\/os-ouest\/APIV\/wp-json\/wp\/v2\/pages\/150\/revisions"}],"predecessor-version":[{"id":5746,"href":"https:\/\/fondation-os.fr\/os-ouest\/APIV\/wp-json\/wp\/v2\/pages\/150\/revisions\/5746"}],"up":[{"embeddable":true,"href":"https:\/\/fondation-os.fr\/os-ouest\/APIV\/wp-json\/wp\/v2\/pages\/70"}],"wp:attachment":[{"href":"https:\/\/fondation-os.fr\/os-ouest\/APIV\/wp-json\/wp\/v2\/media?parent=150"}],"curies":[{"name":"wp","href":"https:\/\/api.w.org\/{rel}","templated":true}]}}