{"id":1267,"date":"2023-01-04T13:42:51","date_gmt":"2023-01-04T12:42:51","guid":{"rendered":"https:\/\/fondation-os.fr\/os-ouest\/APIV\/?page_id=1267"},"modified":"2024-12-27T14:37:42","modified_gmt":"2024-12-27T13:37:42","slug":"agenda","status":"publish","type":"page","link":"https:\/\/fondation-os.fr\/os-ouest\/APIV\/agenda\/","title":{"rendered":"Agenda"},"content":{"rendered":"<p>[et_pb_section fb_built=\u00a0\u00bb1&Prime; _builder_version=\u00a0\u00bb4.27.4&Prime; _module_preset=\u00a0\u00bbdefault\u00a0\u00bb background_color=\u00a0\u00bb#9BB8D3&Prime; top_divider_style=\u00a0\u00bbslant2&Prime; top_divider_color=\u00a0\u00bb#35455B\u00a0\u00bb top_divider_height=\u00a0\u00bb75px\u00a0\u00bb bottom_divider_style=\u00a0\u00bbramp2&Prime; bottom_divider_color=\u00a0\u00bb#35455B\u00a0\u00bb hover_enabled=\u00a0\u00bb0&Prime; global_colors_info=\u00a0\u00bb{}\u00a0\u00bb sticky_enabled=\u00a0\u00bb0&Prime;][et_pb_row _builder_version=\u00a0\u00bb4.27.4&Prime; _module_preset=\u00a0\u00bbdefault\u00a0\u00bb background_color=\u00a0\u00bbRGBA(255,255,255,0)\u00a0\u00bb hover_enabled=\u00a0\u00bb0&Prime; global_colors_info=\u00a0\u00bb{}\u00a0\u00bb sticky_enabled=\u00a0\u00bb0&Prime;][et_pb_column type=\u00a0\u00bb4_4&Prime; _builder_version=\u00a0\u00bb4.19.4&Prime; _module_preset=\u00a0\u00bbdefault\u00a0\u00bb global_colors_info=\u00a0\u00bb{}\u00a0\u00bb][et_pb_text _builder_version=\u00a0\u00bb4.27.4&Prime; _module_preset=\u00a0\u00bbdefault\u00a0\u00bb header_font=\u00a0\u00bb|600|||||||\u00a0\u00bb header_text_color=\u00a0\u00bb#35455B\u00a0\u00bb hover_enabled=\u00a0\u00bb0&Prime; global_colors_info=\u00a0\u00bb{}\u00a0\u00bb sticky_enabled=\u00a0\u00bb0&Prime;]<\/p>\n<h1>Les \u00e9v\u00e9nements r\u00e9cents ou \u00e0 venir&#8230;<\/h1>\n<p>[\/et_pb_text][decm_event_display event_selection=\u00a0\u00bbcustom_event\u00a0\u00bb included_categories=\u00a0\u00bb33,28,32,35,34&Prime; show_recurring_events=\u00a0\u00bboff\u00a0\u00bb show_past=\u00a0\u00bbpast_future_events\u00a0\u00bb date_format=\u00a0\u00bbd M Y\u00a0\u00bb shorten_multidate=\u00a0\u00bboff\u00a0\u00bb show_end_date=\u00a0\u00bboff\u00a0\u00bb show_price=\u00a0\u00bboff\u00a0\u00bb show_category=\u00a0\u00bboff\u00a0\u00bb show_weburl=\u00a0\u00bboff\u00a0\u00bb event_order=\u00a0\u00bbDESC\u00a0\u00bb event_count=\u00a0\u00bb4&Prime; columns=\u00a0\u00bb4&Prime; open_toggle_background_color=\u00a0\u00bb#FFFFFF\u00a0\u00bb details_background_color=\u00a0\u00bbRGBA(255,255,255,0)\u00a0\u00bb details_icon_color=\u00a0\u00bb#9BB8D3&Prime; cards_spacing=\u00a0\u00bb|||0px|false|false\u00a0\u00bb event_inner_spacing=\u00a0\u00bb|10px||10px|false|true\u00a0\u00bb view_more_text=\u00a0\u00bbPlus d&rsquo;informations\u00a0\u00bb align=\u00a0\u00bbcenter\u00a0\u00bb thumbnail_margin=\u00a0\u00bb10px|0px|25px|0px|false|true\u00a0\u00bb thumbnail_padding=\u00a0\u00bb|0px||0px|false|true\u00a0\u00bb callout_padding=\u00a0\u00bb5px|10px|5px|10px|true|true\u00a0\u00bb image_aspect_ratio=\u00a0\u00bb1\/1&Prime; button_align=\u00a0\u00bbon\u00a0\u00bb button_make_fullwidth=\u00a0\u00bbon\u00a0\u00bb show_pagination=\u00a0\u00bbon\u00a0\u00bb pagination_type=\u00a0\u00bbpaged\u00a0\u00bb custom_category_link_target=\u00a0\u00bb_blank\u00a0\u00bb paged_pagination_background_color=\u00a0\u00bbRGBA(255,255,255,0)\u00a0\u00bb previous_entries_text=\u00a0\u00bb\u00c9v\u00e9nements suivants\u00a0\u00bb next_entries_text=\u00a0\u00bb\u00c9v\u00e9nements pr\u00e9c\u00e9dents\u00a0\u00bb _builder_version=\u00a0\u00bb4.27.4&Prime; _module_preset=\u00a0\u00bbdefault\u00a0\u00bb title_font=\u00a0\u00bb|600|||||||\u00a0\u00bb title_text_color=\u00a0\u00bb#35455B\u00a0\u00bb title_font_size=\u00a0\u00bb18px\u00a0\u00bb title_line_height=\u00a0\u00bb1.2em\u00a0\u00bb duration_font=\u00a0\u00bb||on||||||\u00a0\u00bb duration_labels_text_color=\u00a0\u00bb#9BB8D3&Prime; callout_date_text_align=\u00a0\u00bbcenter\u00a0\u00bb callout_date_text_color=\u00a0\u00bb#35455B\u00a0\u00bb callout_date_font_size=\u00a0\u00bb25px\u00a0\u00bb callout_month_text_color=\u00a0\u00bb#9BB8D3&Prime; event_pagination_paged_font=\u00a0\u00bb|600|on||||||\u00a0\u00bb event_pagination_paged_text_color=\u00a0\u00bb#35455B\u00a0\u00bb event_pagination_paged_font_size=\u00a0\u00bb20px\u00a0\u00bb use_background_color=\u00a0\u00bboff\u00a0\u00bb custom_view_more=\u00a0\u00bbon\u00a0\u00bb view_more_text_color=\u00a0\u00bb#FFFFFF\u00a0\u00bb view_more_bg_color=\u00a0\u00bb#35455B\u00a0\u00bb view_more_font=\u00a0\u00bb|600|||||||\u00a0\u00bb view_more_icon=\u00a0\u00bb&#x46;||divi||400&Prime; custom_ajax_load_more_button=\u00a0\u00bbon\u00a0\u00bb ajax_load_more_button_text_color=\u00a0\u00bb#006837&Prime; ajax_load_more_button_bg_color=\u00a0\u00bbRGBA(255,255,255,0)\u00a0\u00bb hover_enabled=\u00a0\u00bb0&Prime; border_radii_thumbnail_border=\u00a0\u00bbon|5px|5px|5px|5px\u00a0\u00bb border_color_all_thumbnail_border=\u00a0\u00bbRGBA(255,255,255,0)\u00a0\u00bb border_radii_event_border=\u00a0\u00bbon|10px|10px|10px|10px\u00a0\u00bb border_width_all_event_border=\u00a0\u00bb0px\u00a0\u00bb box_shadow_style_event_box_shadow=\u00a0\u00bbpreset1&Prime; box_shadow_color_event_box_shadow=\u00a0\u00bb#35455B\u00a0\u00bb global_colors_info=\u00a0\u00bb{}\u00a0\u00bb event_pagination_paged_text_color__hover_enabled=\u00a0\u00bbon|hover\u00a0\u00bb event_pagination_paged_text_color__hover=\u00a0\u00bb#EF568E\u00a0\u00bb view_more_text_color__hover_enabled=\u00a0\u00bbon|hover\u00a0\u00bb view_more_text_color__hover=\u00a0\u00bb#006837&Prime; title_text_color__hover_enabled=\u00a0\u00bbon|hover\u00a0\u00bb title_text_color__hover=\u00a0\u00bb#006837&Prime; view_more_bg_enable_color=\u00a0\u00bbon\u00a0\u00bb sticky_enabled=\u00a0\u00bb0&Prime; numeric_page_text_color=\u00a0\u00bb#35455B\u00a0\u00bb][\/decm_event_display][\/et_pb_column][\/et_pb_row][et_pb_row _builder_version=\u00a0\u00bb4.20.4&Prime; _module_preset=\u00a0\u00bbdefault\u00a0\u00bb global_colors_info=\u00a0\u00bb{}\u00a0\u00bb][et_pb_column type=\u00a0\u00bb4_4&Prime; _builder_version=\u00a0\u00bb4.20.1&Prime; _module_preset=\u00a0\u00bbdefault\u00a0\u00bb global_colors_info=\u00a0\u00bb{}\u00a0\u00bb][et_pb_divider divider_position=\u00a0\u00bbcenter\u00a0\u00bb divider_weight=\u00a0\u00bb3px\u00a0\u00bb _builder_version=\u00a0\u00bb4.27.4&Prime; _module_preset=\u00a0\u00bbdefault\u00a0\u00bb hover_enabled=\u00a0\u00bb0&Prime; global_colors_info=\u00a0\u00bb{}\u00a0\u00bb color=\u00a0\u00bb#35455B\u00a0\u00bb sticky_enabled=\u00a0\u00bb0&Prime;][\/et_pb_divider][et_pb_text _builder_version=\u00a0\u00bb4.27.4&Prime; _module_preset=\u00a0\u00bbdefault\u00a0\u00bb header_font=\u00a0\u00bb|600|||||||\u00a0\u00bb header_text_color=\u00a0\u00bb#35455B\u00a0\u00bb hover_enabled=\u00a0\u00bb0&Prime; global_colors_info=\u00a0\u00bb{}\u00a0\u00bb sticky_enabled=\u00a0\u00bb0&Prime;]<\/p>\n<h1>Le calendrier<\/h1>\n<p>[\/et_pb_text][decm_divi_event_calendar calendar_list_view_option=\u00a0\u00bblistYear,\u00a0\u00bb show_calendar_thumbnail=\u00a0\u00bbon\u00a0\u00bb show_time_zone=\u00a0\u00bboff\u00a0\u00bb show_tooltip_locality_comma=\u00a0\u00bboff\u00a0\u00bb show_tooltip_state=\u00a0\u00bboff\u00a0\u00bb show_tooltip_state_comma=\u00a0\u00bboff\u00a0\u00bb show_tooltip_postal=\u00a0\u00bboff\u00a0\u00bb show_tooltip_postal_comma=\u00a0\u00bboff\u00a0\u00bb show_tooltip_country=\u00a0\u00bboff\u00a0\u00bb show_tooltip_country_comma=\u00a0\u00bboff\u00a0\u00bb show_tooltip_price=\u00a0\u00bboff\u00a0\u00bb show_tooltip_category=\u00a0\u00bboff\u00a0\u00bb show_tooltip_weburl=\u00a0\u00bboff\u00a0\u00bb show_tooltip_excerpt=\u00a0\u00bboff\u00a0\u00bb limit_event=\u00a0\u00bboff\u00a0\u00bb week_background_color=\u00a0\u00bb#35455B\u00a0\u00bb events_background_color=\u00a0\u00bb#35455B\u00a0\u00bb navigate_background_color=\u00a0\u00bb#35455B\u00a0\u00bb view_current_tab_color=\u00a0\u00bb#35455B\u00a0\u00bb view_current_tab_text_color=\u00a0\u00bb#FFFFFF\u00a0\u00bb details_icon_color=\u00a0\u00bb#35455B\u00a0\u00bb upcoming_margin=\u00a0\u00bb0px|auto|auto|auto|false|false\u00a0\u00bb upcoming_padding=\u00a0\u00bb5px|5px|5px|5px|true|true\u00a0\u00bb week_start_on=\u00a0\u00bbLundi\u00a0\u00bb tooltip_image_align=\u00a0\u00bbcenter\u00a0\u00bb _builder_version=\u00a0\u00bb4.27.4&Prime; _module_preset=\u00a0\u00bbdefault\u00a0\u00bb month_font=\u00a0\u00bb||||||||\u00a0\u00bb month_text_color=\u00a0\u00bb#35455B\u00a0\u00bb up_events_font=\u00a0\u00bb|600|||||||\u00a0\u00bb up_events_text_color=\u00a0\u00bb#FFFFFF\u00a0\u00bb up_events_font_size=\u00a0\u00bb12px\u00a0\u00bb _title_text_color=\u00a0\u00bb#35455B\u00a0\u00bb tooltip_title_labels_text_color=\u00a0\u00bb#35455B\u00a0\u00bb background_color=\u00a0\u00bb#FFFFFF\u00a0\u00bb overflow-x=\u00a0\u00bbauto\u00a0\u00bb overflow-y=\u00a0\u00bbauto\u00a0\u00bb hover_enabled=\u00a0\u00bb0&Prime; tooltip_title_labels_text_color_tablet=\u00a0\u00bb#006837&Prime; tooltip_title_labels_text_color_phone=\u00a0\u00bb#006837&Prime; tooltip_title_labels_text_color_last_edited=\u00a0\u00bbon|desktop\u00a0\u00bb border_radii=\u00a0\u00bbon|20px|20px|20px|20px\u00a0\u00bb border_width_all=\u00a0\u00bb3px\u00a0\u00bb border_color_all=\u00a0\u00bb#35455B\u00a0\u00bb border_radii_tooltip_border=\u00a0\u00bbon|5px|5px|5px|5px\u00a0\u00bb border_width_all_tooltip_border=\u00a0\u00bb3px\u00a0\u00bb border_color_all_tooltip_border=\u00a0\u00bb#35455B\u00a0\u00bb box_shadow_style=\u00a0\u00bbpreset1&Prime; global_colors_info=\u00a0\u00bb{}\u00a0\u00bb tooltip_title_labels_text_color__hover_enabled=\u00a0\u00bbon|desktop\u00a0\u00bb tooltip_title_labels_text_color__hover=\u00a0\u00bb#006837&Prime; sticky_enabled=\u00a0\u00bb0&Prime; week_days_border_color=\u00a0\u00bb#FFFFFF\u00a0\u00bb][\/decm_divi_event_calendar][\/et_pb_column][\/et_pb_row][\/et_pb_section]<\/p>\n","protected":false},"excerpt":{"rendered":"<p>\u00c9v\u00e9nements et Calendrier de l&rsquo;APIV : Association de parkinsoniens d&rsquo;Ille et Vilaine. Les rendez-vous en point-rencontre&#8230;<\/p>\n","protected":false},"author":1,"featured_media":0,"parent":0,"menu_order":0,"comment_status":"closed","ping_status":"closed","template":"","meta":{"_acf_changed":false,"_et_pb_use_builder":"on","_et_pb_old_content":"","_et_gb_content_width":"","footnotes":""},"class_list":["post-1267","page","type-page","status-publish","hentry"],"acf":[],"yoast_head":"<!-- This site is optimized with the Yoast SEO plugin v27.4 - https:\/\/yoast.com\/product\/yoast-seo-wordpress\/ -->\n<title>Agenda - Graine de Courage, Sourire pour Parkinson<\/title>\n<meta name=\"description\" content=\"\u00c9v\u00e9nements et Calendrier de l&#039;APIV : Association de parkinsoniens d&#039;Ille et Vilaine. Les rendez-vous en point-rencontre...\" \/>\n<meta name=\"robots\" content=\"index, follow, max-snippet:-1, max-image-preview:large, max-video-preview:-1\" \/>\n<link rel=\"canonical\" href=\"https:\/\/fondation-os.fr\/os-ouest\/APIV\/agenda\/\" \/>\n<meta property=\"og:locale\" content=\"fr_FR\" \/>\n<meta property=\"og:type\" content=\"article\" \/>\n<meta property=\"og:title\" content=\"Agenda - Graine de Courage, Sourire pour Parkinson\" \/>\n<meta property=\"og:description\" content=\"\u00c9v\u00e9nements et Calendrier de l&#039;APIV : Association de parkinsoniens d&#039;Ille et Vilaine. Les rendez-vous en point-rencontre...\" \/>\n<meta property=\"og:url\" content=\"https:\/\/fondation-os.fr\/os-ouest\/APIV\/agenda\/\" \/>\n<meta property=\"og:site_name\" content=\"Graine de Courage, Sourire pour Parkinson\" \/>\n<meta property=\"article:modified_time\" content=\"2024-12-27T13:37:42+00:00\" \/>\n<meta name=\"twitter:card\" content=\"summary_large_image\" \/>\n<meta name=\"twitter:label1\" content=\"Dur\u00e9e de lecture estim\u00e9e\" \/>\n\t<meta name=\"twitter:data1\" content=\"1 minute\" \/>\n<script type=\"application\/ld+json\" class=\"yoast-schema-graph\">{\"@context\":\"https:\\\/\\\/schema.org\",\"@graph\":[{\"@type\":\"WebPage\",\"@id\":\"https:\\\/\\\/fondation-os.fr\\\/os-ouest\\\/APIV\\\/agenda\\\/\",\"url\":\"https:\\\/\\\/fondation-os.fr\\\/os-ouest\\\/APIV\\\/agenda\\\/\",\"name\":\"Agenda - Graine de Courage, Sourire pour Parkinson\",\"isPartOf\":{\"@id\":\"https:\\\/\\\/fondation-os.fr\\\/os-ouest\\\/APIV\\\/#website\"},\"datePublished\":\"2023-01-04T12:42:51+00:00\",\"dateModified\":\"2024-12-27T13:37:42+00:00\",\"description\":\"\u00c9v\u00e9nements et Calendrier de l'APIV : Association de parkinsoniens d'Ille et Vilaine. Les rendez-vous en point-rencontre...\",\"breadcrumb\":{\"@id\":\"https:\\\/\\\/fondation-os.fr\\\/os-ouest\\\/APIV\\\/agenda\\\/#breadcrumb\"},\"inLanguage\":\"fr-FR\",\"potentialAction\":[{\"@type\":\"ReadAction\",\"target\":[\"https:\\\/\\\/fondation-os.fr\\\/os-ouest\\\/APIV\\\/agenda\\\/\"]}]},{\"@type\":\"BreadcrumbList\",\"@id\":\"https:\\\/\\\/fondation-os.fr\\\/os-ouest\\\/APIV\\\/agenda\\\/#breadcrumb\",\"itemListElement\":[{\"@type\":\"ListItem\",\"position\":1,\"name\":\"Accueil\",\"item\":\"https:\\\/\\\/fondation-os.fr\\\/os-ouest\\\/APIV\\\/\"},{\"@type\":\"ListItem\",\"position\":2,\"name\":\"Agenda\"}]},{\"@type\":\"WebSite\",\"@id\":\"https:\\\/\\\/fondation-os.fr\\\/os-ouest\\\/APIV\\\/#website\",\"url\":\"https:\\\/\\\/fondation-os.fr\\\/os-ouest\\\/APIV\\\/\",\"name\":\"Graine de Courage, Sourire pour Parkinson\",\"description\":\"Graine de Courage, Sourire pour Parkinson\",\"publisher\":{\"@id\":\"https:\\\/\\\/fondation-os.fr\\\/os-ouest\\\/APIV\\\/#organization\"},\"potentialAction\":[{\"@type\":\"SearchAction\",\"target\":{\"@type\":\"EntryPoint\",\"urlTemplate\":\"https:\\\/\\\/fondation-os.fr\\\/os-ouest\\\/APIV\\\/?s={search_term_string}\"},\"query-input\":{\"@type\":\"PropertyValueSpecification\",\"valueRequired\":true,\"valueName\":\"search_term_string\"}}],\"inLanguage\":\"fr-FR\"},{\"@type\":\"Organization\",\"@id\":\"https:\\\/\\\/fondation-os.fr\\\/os-ouest\\\/APIV\\\/#organization\",\"name\":\"Graine de Courage, Sourire pour Parkinson\",\"url\":\"https:\\\/\\\/fondation-os.fr\\\/os-ouest\\\/APIV\\\/\",\"logo\":{\"@type\":\"ImageObject\",\"inLanguage\":\"fr-FR\",\"@id\":\"https:\\\/\\\/fondation-os.fr\\\/os-ouest\\\/APIV\\\/#\\\/schema\\\/logo\\\/image\\\/\",\"url\":\"https:\\\/\\\/fondation-os.fr\\\/os-ouest\\\/APIV\\\/wp-content\\\/uploads\\\/2022\\\/11\\\/Logo_APIV_Carre.png\",\"contentUrl\":\"https:\\\/\\\/fondation-os.fr\\\/os-ouest\\\/APIV\\\/wp-content\\\/uploads\\\/2022\\\/11\\\/Logo_APIV_Carre.png\",\"width\":285,\"height\":287,\"caption\":\"Graine de Courage, Sourire pour Parkinson\"},\"image\":{\"@id\":\"https:\\\/\\\/fondation-os.fr\\\/os-ouest\\\/APIV\\\/#\\\/schema\\\/logo\\\/image\\\/\"}}]}<\/script>\n<!-- \/ Yoast SEO plugin. -->","yoast_head_json":{"title":"Agenda - Graine de Courage, Sourire pour Parkinson","description":"\u00c9v\u00e9nements et Calendrier de l'APIV : Association de parkinsoniens d'Ille et Vilaine. Les rendez-vous en point-rencontre...","robots":{"index":"index","follow":"follow","max-snippet":"max-snippet:-1","max-image-preview":"max-image-preview:large","max-video-preview":"max-video-preview:-1"},"canonical":"https:\/\/fondation-os.fr\/os-ouest\/APIV\/agenda\/","og_locale":"fr_FR","og_type":"article","og_title":"Agenda - Graine de Courage, Sourire pour Parkinson","og_description":"\u00c9v\u00e9nements et Calendrier de l'APIV : Association de parkinsoniens d'Ille et Vilaine. Les rendez-vous en point-rencontre...","og_url":"https:\/\/fondation-os.fr\/os-ouest\/APIV\/agenda\/","og_site_name":"Graine de Courage, Sourire pour Parkinson","article_modified_time":"2024-12-27T13:37:42+00:00","twitter_card":"summary_large_image","twitter_misc":{"Dur\u00e9e de lecture estim\u00e9e":"1 minute"},"schema":{"@context":"https:\/\/schema.org","@graph":[{"@type":"WebPage","@id":"https:\/\/fondation-os.fr\/os-ouest\/APIV\/agenda\/","url":"https:\/\/fondation-os.fr\/os-ouest\/APIV\/agenda\/","name":"Agenda - Graine de Courage, Sourire pour Parkinson","isPartOf":{"@id":"https:\/\/fondation-os.fr\/os-ouest\/APIV\/#website"},"datePublished":"2023-01-04T12:42:51+00:00","dateModified":"2024-12-27T13:37:42+00:00","description":"\u00c9v\u00e9nements et Calendrier de l'APIV : Association de parkinsoniens d'Ille et Vilaine. Les rendez-vous en point-rencontre...","breadcrumb":{"@id":"https:\/\/fondation-os.fr\/os-ouest\/APIV\/agenda\/#breadcrumb"},"inLanguage":"fr-FR","potentialAction":[{"@type":"ReadAction","target":["https:\/\/fondation-os.fr\/os-ouest\/APIV\/agenda\/"]}]},{"@type":"BreadcrumbList","@id":"https:\/\/fondation-os.fr\/os-ouest\/APIV\/agenda\/#breadcrumb","itemListElement":[{"@type":"ListItem","position":1,"name":"Accueil","item":"https:\/\/fondation-os.fr\/os-ouest\/APIV\/"},{"@type":"ListItem","position":2,"name":"Agenda"}]},{"@type":"WebSite","@id":"https:\/\/fondation-os.fr\/os-ouest\/APIV\/#website","url":"https:\/\/fondation-os.fr\/os-ouest\/APIV\/","name":"Graine de Courage, Sourire pour Parkinson","description":"Graine de Courage, Sourire pour Parkinson","publisher":{"@id":"https:\/\/fondation-os.fr\/os-ouest\/APIV\/#organization"},"potentialAction":[{"@type":"SearchAction","target":{"@type":"EntryPoint","urlTemplate":"https:\/\/fondation-os.fr\/os-ouest\/APIV\/?s={search_term_string}"},"query-input":{"@type":"PropertyValueSpecification","valueRequired":true,"valueName":"search_term_string"}}],"inLanguage":"fr-FR"},{"@type":"Organization","@id":"https:\/\/fondation-os.fr\/os-ouest\/APIV\/#organization","name":"Graine de Courage, Sourire pour Parkinson","url":"https:\/\/fondation-os.fr\/os-ouest\/APIV\/","logo":{"@type":"ImageObject","inLanguage":"fr-FR","@id":"https:\/\/fondation-os.fr\/os-ouest\/APIV\/#\/schema\/logo\/image\/","url":"https:\/\/fondation-os.fr\/os-ouest\/APIV\/wp-content\/uploads\/2022\/11\/Logo_APIV_Carre.png","contentUrl":"https:\/\/fondation-os.fr\/os-ouest\/APIV\/wp-content\/uploads\/2022\/11\/Logo_APIV_Carre.png","width":285,"height":287,"caption":"Graine de Courage, Sourire pour Parkinson"},"image":{"@id":"https:\/\/fondation-os.fr\/os-ouest\/APIV\/#\/schema\/logo\/image\/"}}]}},"_links":{"self":[{"href":"https:\/\/fondation-os.fr\/os-ouest\/APIV\/wp-json\/wp\/v2\/pages\/1267","targetHints":{"allow":["GET"]}}],"collection":[{"href":"https:\/\/fondation-os.fr\/os-ouest\/APIV\/wp-json\/wp\/v2\/pages"}],"about":[{"href":"https:\/\/fondation-os.fr\/os-ouest\/APIV\/wp-json\/wp\/v2\/types\/page"}],"author":[{"embeddable":true,"href":"https:\/\/fondation-os.fr\/os-ouest\/APIV\/wp-json\/wp\/v2\/users\/1"}],"replies":[{"embeddable":true,"href":"https:\/\/fondation-os.fr\/os-ouest\/APIV\/wp-json\/wp\/v2\/comments?post=1267"}],"version-history":[{"count":15,"href":"https:\/\/fondation-os.fr\/os-ouest\/APIV\/wp-json\/wp\/v2\/pages\/1267\/revisions"}],"predecessor-version":[{"id":5738,"href":"https:\/\/fondation-os.fr\/os-ouest\/APIV\/wp-json\/wp\/v2\/pages\/1267\/revisions\/5738"}],"wp:attachment":[{"href":"https:\/\/fondation-os.fr\/os-ouest\/APIV\/wp-json\/wp\/v2\/media?parent=1267"}],"curies":[{"name":"wp","href":"https:\/\/api.w.org\/{rel}","templated":true}]}}